{"id":91352,"date":"2020-10-19T14:25:02","date_gmt":"2020-10-19T14:25:02","guid":{"rendered":"https:\/\/www.3p-gmbh.de\/produkt\/engrapadora-hohner-hsb-8-000-la-sin-herramientas\/"},"modified":"2020-10-19T14:25:02","modified_gmt":"2020-10-19T14:25:02","slug":"engrapadora-hohner-hsb-8-000-sin-herramienta","status":"publish","type":"product","link":"https:\/\/www.3p-gmbh.de\/es\/produkt\/engrapadora-hohner-hsb-8-000-sin-herramienta\/","title":{"rendered":"Engrapadora Hohner HSB 8.000 &#8211; La sin herramientas"},"content":{"rendered":"<div><span style=\"color: #ff0000; font-family: Arial;\"><strong>Bj. 12-2015 aprox. 3500 horas de funcionamiento<\/strong><\/span><\/div>\n<div>\n<span style=\"font-family: Arial;\">6 Alimentador de hojas VF 1 para cambio 2:1<br \/>\n1 Sistema manual<br \/>\n1 Cubierta del alimentador<\/span><\/div>\n<div><span style=\"color: #ff0000; font-family: Arial;\">7 Inspecci\u00f3n de la hoja Opticontrol<\/span><\/div>\n<div><span style=\"font-family: Arial;\">Grapadora con control de grapas y grosor<\/span><\/div>\n<div><span style=\"color: #ff0000; font-family: Arial;\">4 cabezales de grapado HK 52-8 Universal<\/span><\/div>\n<div><span style=\"color: #ff0000; font-family: Arial;\">4 Cabezales de grapado HK 52-8 para anillas de 6 mm<\/span><\/div>\n<div><span style=\"font-family: Arial;\">4 Portabobinas grande<\/span><\/div>\n<div><span style=\"font-family: Arial;\">Guillotina con dispositivo de corte central para producci\u00f3n de dos en dos<\/span><\/div>\n<div><span style=\"font-family: Arial;\">Mesa de transferencia<\/span><span style=\"font-family: Arial;\"><br \/>\nAlimentaci\u00f3n presi\u00f3n-vac\u00edo<\/span><\/div>\n<div><span style=\"font-family: Arial;\">entrega de tiras largas<\/span><\/div>\n<div><span style=\"color: #ff0000; font-family: Arial;\"><strong>\u00a1\u00a1\u00a1\u00a1\u00a1sin apiladores compensadores !!!!!<\/strong><\/span><\/div>\n<div>\n<span style=\"font-family: Arial;\">El camino intermedio: f\u00e1cil de usar y econ\u00f3mico<br \/>\nLa HSB 8.000 es la soluci\u00f3n ideal si est\u00e1 buscando una grapadora autom\u00e1tica para el acabado de hojas preplegadas en tiradas cortas y medianas.<br \/>\nDetr\u00e1s de sus dimensiones compactas, nuestra m\u00e1quina semiautom\u00e1tica esconde una gran variedad y un alto nivel de conocimientos t\u00e9cnicos para el usuario.<\/span><\/div>\n<div><\/div>\n<div><span style=\"font-family: Arial;\">Los ajustes de formato, por ejemplo, se realizan sin herramientas y suponen un trabajo eficaz y c\u00f3modo en el menor tiempo posible; con una mano de obra extremadamente reducida, esta grapadora puede producir hasta 8.000 productos por hora con altos est\u00e1ndares de calidad y sin desalineaci\u00f3n de las grapas.<br \/>\nAdem\u00e1s, el formato de la HSB 8.000 se hace notar, ya que es la mejor de su clase con un formato m\u00e1ximo de 365 x 350 mm. La costura de ojales tampoco le supone ning\u00fan problema como opci\u00f3n.<br \/>\nEn Hohner, sus consideraciones de calidad y eficiencia se toman en serio y se implementan de forma sencilla para el usuario.<\/span><\/div>\n<div><\/div>\n<div><span style=\"font-family: Arial;\">Las ventajas en pocas palabras:<\/span><\/div>\n<div><\/div>\n<div><span style=\"font-family: Arial;\">El sistema puede ampliarse y adaptarse posteriormente a sus necesidades individuales gracias a un completo sistema modular (diversas opciones de ampliaci\u00f3n opcionales: desde un alimentador manual hasta 8 alimentadores autom\u00e1ticos de carpetas individuales, alimentador autom\u00e1tico de cubiertas, dispositivo two-up, indexaci\u00f3n 2:1, control de pinzas, apilador compensador y sistema de transporte para recortes).<br \/>\nConexi\u00f3n de la cuchilla mediante un yugo<br \/>\n12 casquillos de recirculaci\u00f3n de bolas para un guiado de alta precisi\u00f3n y una vida \u00fatil extremadamente larga de la cuchilla<br \/>\nSin desalineaci\u00f3n de grapas &#8211; Grapado y colocaci\u00f3n de grapas impecables<br \/>\nTama\u00f1o compacto con perfil de alto rendimiento: espacio reducido<br \/>\nMenor necesidad de personal<br \/>\nAltura de fijaci\u00f3n ergon\u00f3mica y f\u00e1cil de usar<\/span><\/div>\n<div><\/div>\n<div><span style=\"font-family: Arial;\">Sus ventajas<\/span><\/div>\n<div><\/div>\n<div><span style=\"font-family: Arial;\">&#8211; producci\u00f3n estable con aproximadamente 7000 ciclos<br \/>\n&#8211; tiempos de cambio cortos<br \/>\n&#8211; el gran formato m\u00e1ximo 340x355mm<br \/>\n&#8211; Bajos costes de inversi\u00f3n, r\u00e1pido retorno de la inversi\u00f3n<\/span><\/div>\n","protected":false},"excerpt":{"rendered":"<p><a href=\"https:\/\/www.3p-gmbh.de\/wp-content\/uploads\/2020\/10\/HSB-8000-Details.pdf\">HSB 8000 Detalles<\/a><\/p>\n","protected":false},"featured_media":78028,"template":"","meta":[],"product_brand":[],"product_cat":[2905],"product_tag":[],"class_list":{"0":"post-91352","1":"product","2":"type-product","3":"status-publish","4":"has-post-thumbnail","6":"product_cat-engrapadora","7":"pa_hersteller-hohner","8":"pa_typ-hohner-hsb-8-000","10":"first","11":"instock","12":"taxable","13":"shipping-taxable","14":"product-type-simple"},"jetpack_sharing_enabled":true,"_links":{"self":[{"href":"https:\/\/www.3p-gmbh.de\/es\/wp-json\/wp\/v2\/product\/91352","targetHints":{"allow":["GET"]}}],"collection":[{"href":"https:\/\/www.3p-gmbh.de\/es\/wp-json\/wp\/v2\/product"}],"about":[{"href":"https:\/\/www.3p-gmbh.de\/es\/wp-json\/wp\/v2\/types\/product"}],"wp:featuredmedia":[{"embeddable":true,"href":"https:\/\/www.3p-gmbh.de\/es\/wp-json\/wp\/v2\/media\/78028"}],"wp:attachment":[{"href":"https:\/\/www.3p-gmbh.de\/es\/wp-json\/wp\/v2\/media?parent=91352"}],"wp:term":[{"taxonomy":"product_brand","embeddable":true,"href":"https:\/\/www.3p-gmbh.de\/es\/wp-json\/wp\/v2\/product_brand?post=91352"},{"taxonomy":"product_cat","embeddable":true,"href":"https:\/\/www.3p-gmbh.de\/es\/wp-json\/wp\/v2\/product_cat?post=91352"},{"taxonomy":"product_tag","embeddable":true,"href":"https:\/\/www.3p-gmbh.de\/es\/wp-json\/wp\/v2\/product_tag?post=91352"}],"curies":[{"name":"wp","href":"https:\/\/api.w.org\/{rel}","templated":true}]}}