{"id":91351,"date":"2020-05-12T14:59:53","date_gmt":"2020-05-12T14:59:53","guid":{"rendered":"https:\/\/www.3p-gmbh.de\/produkt\/knorr-rl-2-va-hoja-jogger\/"},"modified":"2020-05-12T14:59:53","modified_gmt":"2020-05-12T14:59:53","slug":"knorr-rl-2-va-arch-ruettler","status":"publish","type":"product","link":"https:\/\/www.3p-gmbh.de\/es\/produkt\/knorr-rl-2-va-arch-ruettler\/","title":{"rendered":"Knorr RL-2-VA hoja jogger"},"content":{"rendered":"<p>SN 7058008<br \/>\nTama\u00f1o de la hoja aprox. 66 x 88 cm<\/p>\n<p>&#8211; Bastidor inferior soldado con mecanismo vibratorio autom\u00e1tico<br \/>\n&#8211; Solapa lateral manual a izquierda y derecha, por lo que es posible el desplazamiento de formatos de gran tama\u00f1o.<br \/>\n&#8211; Mesa de acero inoxidable de alta calidad con fuerte colch\u00f3n de aire<br \/>\n&#8211; Regla separadora para tama\u00f1os de hoja m\u00e1s peque\u00f1os<br \/>\n&#8211; Inclinaci\u00f3n de la mesa ajustable hasta en 12 pasos a izquierda\/derecha<br \/>\n&#8211; Elemento de control f\u00e1cil de manejar<br \/>\n&#8211; Intensidad de vibraci\u00f3n regulable sin escalonamiento mediante convertidor de frecuencia<br \/>\n&#8211; Altura de mesa regulable<br \/>\n&#8211; Sentido de giro del motovibrador opcionalmente derecha o izquierda<br \/>\n&#8211; Agitaci\u00f3n con\/sin aire<\/p>\n","protected":false},"excerpt":{"rendered":"<p>SN 7058008 Tama\u00f1o de la hoja aprox. 66 x 88 cm &#8211; Bastidor inferior soldado con mecanismo vibratorio autom\u00e1tico &#8211; Solapa lateral manual a izquierda y derecha, por lo que es posible el desplazamiento de formatos de gran tama\u00f1o. &#8211; Mesa de acero inoxidable de alta calidad con fuerte colch\u00f3n de aire &#8211; Regla separadora [&hellip;]<\/p>\n","protected":false},"featured_media":77827,"template":"","meta":[],"product_brand":[],"product_cat":[3070],"product_tag":[],"class_list":{"0":"post-91351","1":"product","2":"type-product","3":"status-publish","4":"has-post-thumbnail","6":"product_cat-mesas-vibratorias-es","7":"pa_hersteller-knorr","8":"pa_typ-rl-2-va","10":"first","11":"instock","12":"taxable","13":"shipping-taxable","14":"product-type-simple"},"jetpack_sharing_enabled":true,"_links":{"self":[{"href":"https:\/\/www.3p-gmbh.de\/es\/wp-json\/wp\/v2\/product\/91351","targetHints":{"allow":["GET"]}}],"collection":[{"href":"https:\/\/www.3p-gmbh.de\/es\/wp-json\/wp\/v2\/product"}],"about":[{"href":"https:\/\/www.3p-gmbh.de\/es\/wp-json\/wp\/v2\/types\/product"}],"wp:featuredmedia":[{"embeddable":true,"href":"https:\/\/www.3p-gmbh.de\/es\/wp-json\/wp\/v2\/media\/77827"}],"wp:attachment":[{"href":"https:\/\/www.3p-gmbh.de\/es\/wp-json\/wp\/v2\/media?parent=91351"}],"wp:term":[{"taxonomy":"product_brand","embeddable":true,"href":"https:\/\/www.3p-gmbh.de\/es\/wp-json\/wp\/v2\/product_brand?post=91351"},{"taxonomy":"product_cat","embeddable":true,"href":"https:\/\/www.3p-gmbh.de\/es\/wp-json\/wp\/v2\/product_cat?post=91351"},{"taxonomy":"product_tag","embeddable":true,"href":"https:\/\/www.3p-gmbh.de\/es\/wp-json\/wp\/v2\/product_tag?post=91351"}],"curies":[{"name":"wp","href":"https:\/\/api.w.org\/{rel}","templated":true}]}}