{"id":91321,"date":"2020-10-27T10:26:00","date_gmt":"2020-10-27T10:26:00","guid":{"rendered":"https:\/\/www.3p-gmbh.de\/produkt\/recogedora-de-calendarios-de-16-estaciones-mkw-rapid-ut-16-b3-gs\/"},"modified":"2020-10-27T10:26:00","modified_gmt":"2020-10-27T10:26:00","slug":"maquina-combinadora-calendario-de-16-estaciones-mkw-rapid-ut-16-b3-gs","status":"publish","type":"product","link":"https:\/\/www.3p-gmbh.de\/es\/produkt\/maquina-combinadora-calendario-de-16-estaciones-mkw-rapid-ut-16-b3-gs\/","title":{"rendered":"Recogedora de calendarios de 16 estaciones MKW Rapid UT 16\/B3\/GS"},"content":{"rendered":"<div><span style=\"font-family: Arial;\">ofrecemos sin compromiso<\/span><\/div>\n<div><\/div>\n<div><span style=\"font-family: Arial;\"><br \/>\n<\/span><span style=\"font-family: Arial;\"><span style=\"color: #0000ff;\"><strong>Recogedora de calendarios de 16 estaciones MKW Rapid UT 16\/B3\/GS<br \/>\nA\u00f1o de construcci\u00f3n: 2012 hasta ahora s\u00f3lo 6,3 millones de ciclos<br \/>\nFormato: min. 10 x 14 cm , m\u00e1x. 35 x 50 cm<\/strong><\/span>      <\/span><\/div>\n<div><span style=\"font-family: Arial;\"><br \/>\nEquipamiento: m\u00e1quina recolectora de 16 estaciones con alimentaci\u00f3n manual en el lado derecho<\/span><span style=\"font-family: Arial;\"><br \/>\nRendimiento del ciclo 2900 por hora<\/span><\/div>\n<div> <span style=\"font-family: Arial;\"> Controlada por PC t\u00e1ctil de 19 <\/span><span style=\"font-family: Arial;\">La mesa con correa dentada de circulaci\u00f3n permite la producci\u00f3n en t\u00e1ndem y garantiza un transporte seguro y suave del papel.<\/span><\/div>\n<div><span style=\"font-family: Arial;\">  El sistema t\u00e1ndem se activa con un simple cambio en el terminal de mando.<\/span><\/div>\n<div><span style=\"font-family: Arial;\">  El uso paralelo de dos estaciones, cada una con el mismo motivo de impresi\u00f3n, permite aumentar la producci\u00f3n hasta un 75%.<\/span><\/div>\n<div><span style=\"font-family: Arial;\">  Control electr\u00f3nico automedido de hojas dobles y faltantes<\/span><\/div>\n<div><span style=\"font-family: Arial;\"> m\u00e1x. Altura de apilado 700 mm<br \/>\nGramaje del papel de 14 a 1000 g\/m\u00b2.<\/span><\/div>\n<div><span style=\"font-family: Arial;\">  Rotaci\u00f3n a la izquierda de las m\u00e1quinas &#8211; de este modo es posible la conexi\u00f3n opcional de punzonadoras y encuadernadoras<\/span><\/div>\n<div><\/div>\n<div><span style=\"font-family: Arial;\"><span style=\"color: #0000ff;\"><strong>Apiladora m\u00f3vil de pila alta para grandes tiradas MKW HA-350 UTL<\/strong><\/span><br \/>\ncon capacidad de apilamiento de 60 cm<\/span><\/div>\n<div><span style=\"font-family: Arial;\">             <\/span><\/div>\n<div><span style=\"font-family: Arial;\"><span style=\"color: #0000ff;\">Fecha de entrega: inmediata desde imprenta<\/span><\/span><\/div>\n","protected":false},"excerpt":{"rendered":"<p><a href=\"https:\/\/www.3p-gmbh.de\/wp-content\/uploads\/2020\/10\/MKW.pdf\">MKW<\/a><\/p>\n","protected":false},"featured_media":78115,"template":"","meta":[],"product_brand":[],"product_cat":[3044],"product_tag":[],"class_list":{"0":"post-91321","1":"product","2":"type-product","3":"status-publish","4":"has-post-thumbnail","6":"product_cat-maquinas-recolectoras","7":"pa_hersteller-mkw","8":"pa_typ-rapid-ut-16-b3-gs","10":"first","11":"instock","12":"taxable","13":"shipping-taxable","14":"product-type-simple"},"jetpack_sharing_enabled":true,"_links":{"self":[{"href":"https:\/\/www.3p-gmbh.de\/es\/wp-json\/wp\/v2\/product\/91321","targetHints":{"allow":["GET"]}}],"collection":[{"href":"https:\/\/www.3p-gmbh.de\/es\/wp-json\/wp\/v2\/product"}],"about":[{"href":"https:\/\/www.3p-gmbh.de\/es\/wp-json\/wp\/v2\/types\/product"}],"wp:featuredmedia":[{"embeddable":true,"href":"https:\/\/www.3p-gmbh.de\/es\/wp-json\/wp\/v2\/media\/78115"}],"wp:attachment":[{"href":"https:\/\/www.3p-gmbh.de\/es\/wp-json\/wp\/v2\/media?parent=91321"}],"wp:term":[{"taxonomy":"product_brand","embeddable":true,"href":"https:\/\/www.3p-gmbh.de\/es\/wp-json\/wp\/v2\/product_brand?post=91321"},{"taxonomy":"product_cat","embeddable":true,"href":"https:\/\/www.3p-gmbh.de\/es\/wp-json\/wp\/v2\/product_cat?post=91321"},{"taxonomy":"product_tag","embeddable":true,"href":"https:\/\/www.3p-gmbh.de\/es\/wp-json\/wp\/v2\/product_tag?post=91321"}],"curies":[{"name":"wp","href":"https:\/\/api.w.org\/{rel}","templated":true}]}}