{"id":91318,"date":"2020-11-06T08:26:19","date_gmt":"2020-11-06T08:26:19","guid":{"rendered":"https:\/\/www.3p-gmbh.de\/produkt\/plegadora-combinada-semiautomatica-ajustable-mbo-k-800-1-sktl-4-fp-de-bj-2003\/"},"modified":"2020-11-06T08:26:19","modified_gmt":"2020-11-06T08:26:19","slug":"plegadora-combinada-semiautomatica-ajustable-mbo-k-800-1-sktl-4-fp-de-bj-2003","status":"publish","type":"product","link":"https:\/\/www.3p-gmbh.de\/es\/produkt\/plegadora-combinada-semiautomatica-ajustable-mbo-k-800-1-sktl-4-fp-de-bj-2003\/","title":{"rendered":"Plegadora combinada semiautom\u00e1tica ajustable MBO K 800.1-SKTL-4-FP de Bj. 2003"},"content":{"rendered":"<div><strong>Plegadora combinada semiautom\u00e1tica regulable<\/strong><\/div>\n<div><strong>Navegador MBO K 800.1-SKTL-4-FP 120<\/strong><\/div>\n<div><\/div>\n<ul>\n<li>desde 2003<\/li>\n<li>4 bolsillos motor ajustables<\/li>\n<li>\u00c1rboles de transmisi\u00f3n Ejes pasantes<\/li>\n<li>Versi\u00f3n KTL con espada, bolsa tumbada, espada<\/li>\n<\/ul>\n","protected":false},"excerpt":{"rendered":"<p>Plegadora combinada semiautom\u00e1tica regulable Navegador MBO K 800.1-SKTL-4-FP 120 desde 2003 4 bolsillos motor ajustables \u00c1rboles de transmisi\u00f3n Ejes pasantes Versi\u00f3n KTL con espada, bolsa tumbada, espada<\/p>\n","protected":false},"featured_media":78238,"template":"","meta":[],"product_brand":[],"product_cat":[2982],"product_tag":[],"class_list":{"0":"post-91318","1":"product","2":"type-product","3":"status-publish","4":"has-post-thumbnail","6":"product_cat-plegadoras","7":"pa_hersteller-mbo","8":"pa_typ-k-800-1-sktl-4-fp-120-navigator","10":"first","11":"instock","12":"taxable","13":"shipping-taxable","14":"product-type-simple"},"jetpack_sharing_enabled":true,"_links":{"self":[{"href":"https:\/\/www.3p-gmbh.de\/es\/wp-json\/wp\/v2\/product\/91318","targetHints":{"allow":["GET"]}}],"collection":[{"href":"https:\/\/www.3p-gmbh.de\/es\/wp-json\/wp\/v2\/product"}],"about":[{"href":"https:\/\/www.3p-gmbh.de\/es\/wp-json\/wp\/v2\/types\/product"}],"wp:featuredmedia":[{"embeddable":true,"href":"https:\/\/www.3p-gmbh.de\/es\/wp-json\/wp\/v2\/media\/78238"}],"wp:attachment":[{"href":"https:\/\/www.3p-gmbh.de\/es\/wp-json\/wp\/v2\/media?parent=91318"}],"wp:term":[{"taxonomy":"product_brand","embeddable":true,"href":"https:\/\/www.3p-gmbh.de\/es\/wp-json\/wp\/v2\/product_brand?post=91318"},{"taxonomy":"product_cat","embeddable":true,"href":"https:\/\/www.3p-gmbh.de\/es\/wp-json\/wp\/v2\/product_cat?post=91318"},{"taxonomy":"product_tag","embeddable":true,"href":"https:\/\/www.3p-gmbh.de\/es\/wp-json\/wp\/v2\/product_tag?post=91318"}],"curies":[{"name":"wp","href":"https:\/\/api.w.org\/{rel}","templated":true}]}}