{"id":91308,"date":"2020-10-27T10:40:45","date_gmt":"2020-10-27T10:40:45","guid":{"rendered":"https:\/\/www.3p-gmbh.de\/produkt\/sistema-ctp-termico-de-2-paginas-totalmente-automatico-suprasetter-a52-automation-con-meta-ripworkflow-y-salida-cip-3\/"},"modified":"2020-10-27T10:40:45","modified_gmt":"2020-10-27T10:40:45","slug":"sistema-ctp-termico-automatizado-2-paginas-suprasetter-a52-automatizado-con-meta-ripworkflow-y-cip-3-salida","status":"publish","type":"product","link":"https:\/\/www.3p-gmbh.de\/es\/produkt\/sistema-ctp-termico-automatizado-2-paginas-suprasetter-a52-automatizado-con-meta-ripworkflow-y-cip-3-salida\/","title":{"rendered":"Sistema CTP t\u00e9rmico de 2 p\u00e1ginas totalmente autom\u00e1tico Suprasetter A52 Automation con Meta Ripworkflow y salida CIP 3"},"content":{"rendered":"<div>ofrecemos sin compromiso<\/div>\n<div><\/div>\n<div>Sistema CTP t\u00e9rmico de 2 p\u00e1ginas totalmente autom\u00e1tico Automatizaci\u00f3n Heidelberg Suprasetter A52<\/div>\n<div>con flujo de trabajo Meta Rip completo y salida CIP 3<\/div>\n<div>S\u00f3lo 107.000 placas SM 52 expuestas hasta ahora<\/div>\n<div><\/div>\n<div>Producci\u00f3n 17 placas\/hora<\/div>\n<div>Punz\u00f3n interior autoplateado 425mm<\/div>\n<div>Succi\u00f3n para placas ablativas<\/div>\n<div>Puente de transferencia y engomado de lavado Glunz &amp; Jensen c85 con apilador de planchas<\/div>\n","protected":false},"excerpt":{"rendered":"<p>ofrecemos sin compromiso Sistema CTP t\u00e9rmico de 2 p\u00e1ginas totalmente autom\u00e1tico Automatizaci\u00f3n Heidelberg Suprasetter A52 con flujo de trabajo Meta Rip completo y salida CIP 3 S\u00f3lo 107.000 placas SM 52 expuestas hasta ahora Producci\u00f3n 17 placas\/hora Punz\u00f3n interior autoplateado 425mm Succi\u00f3n para placas ablativas Puente de transferencia y engomado de lavado Glunz &amp; Jensen [&hellip;]<\/p>\n","protected":false},"featured_media":78169,"template":"","meta":[],"product_brand":[],"product_cat":[2870],"product_tag":[],"class_list":{"0":"post-91308","1":"product","2":"type-product","3":"status-publish","4":"has-post-thumbnail","6":"product_cat-sistemas-de-ordenador-a-placa","7":"pa_hersteller-heidelberg","8":"pa_typ-suprasetter-a52-automation","10":"first","11":"instock","12":"taxable","13":"shipping-taxable","14":"product-type-simple"},"jetpack_sharing_enabled":true,"_links":{"self":[{"href":"https:\/\/www.3p-gmbh.de\/es\/wp-json\/wp\/v2\/product\/91308","targetHints":{"allow":["GET"]}}],"collection":[{"href":"https:\/\/www.3p-gmbh.de\/es\/wp-json\/wp\/v2\/product"}],"about":[{"href":"https:\/\/www.3p-gmbh.de\/es\/wp-json\/wp\/v2\/types\/product"}],"wp:featuredmedia":[{"embeddable":true,"href":"https:\/\/www.3p-gmbh.de\/es\/wp-json\/wp\/v2\/media\/78169"}],"wp:attachment":[{"href":"https:\/\/www.3p-gmbh.de\/es\/wp-json\/wp\/v2\/media?parent=91308"}],"wp:term":[{"taxonomy":"product_brand","embeddable":true,"href":"https:\/\/www.3p-gmbh.de\/es\/wp-json\/wp\/v2\/product_brand?post=91308"},{"taxonomy":"product_cat","embeddable":true,"href":"https:\/\/www.3p-gmbh.de\/es\/wp-json\/wp\/v2\/product_cat?post=91308"},{"taxonomy":"product_tag","embeddable":true,"href":"https:\/\/www.3p-gmbh.de\/es\/wp-json\/wp\/v2\/product_tag?post=91308"}],"curies":[{"name":"wp","href":"https:\/\/api.w.org\/{rel}","templated":true}]}}