{"id":91294,"date":"2021-01-11T11:35:53","date_gmt":"2021-01-11T11:35:53","guid":{"rendered":"https:\/\/www.3p-gmbh.de\/produkt\/profitec-popp-mobile-bolsa-de-volteo-de-pliegos-regulable-en-altura-con-entrada-inclinada-de-rodillos\/"},"modified":"2021-01-11T11:35:53","modified_gmt":"2021-01-11T11:35:53","slug":"profitec-popp-mobile-height-justable-arch-turning-bag-with-screw-roller-inlet","status":"publish","type":"product","link":"https:\/\/www.3p-gmbh.de\/es\/produkt\/profitec-popp-mobile-height-justable-arch-turning-bag-with-screw-roller-inlet\/","title":{"rendered":"Profitec Popp mobile &#8211; bolsa de volteo de pliegos regulable en altura con entrada inclinada de rodillos"},"content":{"rendered":"<div><span style=\"font-family: Arial;\">Anchura de entrada 650 mm<\/span><\/div>\n<div><\/div>\n<div><span style=\"font-family: Arial;\">El volteador de hojas permite voltear hojas planas con un bolsillo plegable en el sentido de la marcha.<\/span><\/div>\n<div><span style=\"font-family: Arial;\">Esto significa que las hojas pueden imprimirse o etiquetarse por ambas caras.<\/span><\/div>\n<div><\/div>\n<div><span style=\"font-family: Arial;\">Los rodillos de transporte de importaci\u00f3n y exportaci\u00f3n est\u00e1n segmentados,<\/span><\/div>\n<div><span style=\"font-family: Arial;\">la velocidad de la mesa de rodillos inclinados y la entrada de bolsas<\/span><\/div>\n<div><span style=\"font-family: Arial;\">son ajustables por separado<\/span><\/div>\n","protected":false},"excerpt":{"rendered":"<p>Anchura de entrada 650 mm El volteador de hojas permite voltear hojas planas con un bolsillo plegable en el sentido de la marcha. Esto significa que las hojas pueden imprimirse o etiquetarse por ambas caras. Los rodillos de transporte de importaci\u00f3n y exportaci\u00f3n est\u00e1n segmentados, la velocidad de la mesa de rodillos inclinados y la [&hellip;]<\/p>\n","protected":false},"featured_media":78601,"template":"","meta":[],"product_brand":[],"product_cat":[2885],"product_tag":[],"class_list":{"0":"post-91294","1":"product","2":"type-product","3":"status-publish","4":"has-post-thumbnail","6":"product_cat-accesorios-para-plegadoras","7":"pa_hersteller-popp-maschinenbau","8":"pa_typ-mobile","10":"first","11":"instock","12":"taxable","13":"shipping-taxable","14":"product-type-simple"},"jetpack_sharing_enabled":true,"_links":{"self":[{"href":"https:\/\/www.3p-gmbh.de\/es\/wp-json\/wp\/v2\/product\/91294","targetHints":{"allow":["GET"]}}],"collection":[{"href":"https:\/\/www.3p-gmbh.de\/es\/wp-json\/wp\/v2\/product"}],"about":[{"href":"https:\/\/www.3p-gmbh.de\/es\/wp-json\/wp\/v2\/types\/product"}],"wp:featuredmedia":[{"embeddable":true,"href":"https:\/\/www.3p-gmbh.de\/es\/wp-json\/wp\/v2\/media\/78601"}],"wp:attachment":[{"href":"https:\/\/www.3p-gmbh.de\/es\/wp-json\/wp\/v2\/media?parent=91294"}],"wp:term":[{"taxonomy":"product_brand","embeddable":true,"href":"https:\/\/www.3p-gmbh.de\/es\/wp-json\/wp\/v2\/product_brand?post=91294"},{"taxonomy":"product_cat","embeddable":true,"href":"https:\/\/www.3p-gmbh.de\/es\/wp-json\/wp\/v2\/product_cat?post=91294"},{"taxonomy":"product_tag","embeddable":true,"href":"https:\/\/www.3p-gmbh.de\/es\/wp-json\/wp\/v2\/product_tag?post=91294"}],"curies":[{"name":"wp","href":"https:\/\/api.w.org\/{rel}","templated":true}]}}