{"id":91258,"date":"2021-01-11T18:33:35","date_gmt":"2021-01-11T18:33:35","guid":{"rendered":"https:\/\/www.3p-gmbh.de\/produkt\/volteador-de-pilas-buschgraph-busch-se-90\/"},"modified":"2021-01-11T18:33:35","modified_gmt":"2021-01-11T18:33:35","slug":"pila-turner-bush-graph-bush-se-90","status":"publish","type":"product","link":"https:\/\/www.3p-gmbh.de\/es\/produkt\/pila-turner-bush-graph-bush-se-90\/","title":{"rendered":"Volteador de pilas BuschGraph Busch SE 90"},"content":{"rendered":"<p><strong>Volteador de pilas BuschGraph Busch SE 90 s\u00f3lo para volteo (sin sistema de ventilaci\u00f3n)<\/strong><br \/>\ncon panel de control fijo<\/p>\n<p>Max. Tama\u00f1o de la hoja 600 x 750 mm<br \/>\nMax. Altura de apilado 1200 mm<br \/>\nMin. Altura de apilado 290 mm<br \/>\nAnchura de plataforma 900 mm<br \/>\nProfundidad de la plataforma 620 mm<br \/>\nCapacidad de carga 500 kg<\/p>\n","protected":false},"excerpt":{"rendered":"<p>Volteador de pilas BuschGraph Busch SE 90 s\u00f3lo para volteo (sin sistema de ventilaci\u00f3n) con panel de control fijo Max. Tama\u00f1o de la hoja 600 x 750 mm Max. Altura de apilado 1200 mm Min. Altura de apilado 290 mm Anchura de plataforma 900 mm Profundidad de la plataforma 620 mm Capacidad de carga 500 [&hellip;]<\/p>\n","protected":false},"featured_media":78928,"template":"","meta":[],"product_brand":[],"product_cat":[2900],"product_tag":[],"class_list":{"0":"post-91258","1":"product","2":"type-product","3":"status-publish","4":"has-post-thumbnail","6":"product_cat-volteador-de-pilas","7":"pa_hersteller-buschgraph","8":"pa_typ-se-90","10":"first","11":"instock","12":"taxable","13":"shipping-taxable","14":"product-type-simple"},"jetpack_sharing_enabled":true,"_links":{"self":[{"href":"https:\/\/www.3p-gmbh.de\/es\/wp-json\/wp\/v2\/product\/91258","targetHints":{"allow":["GET"]}}],"collection":[{"href":"https:\/\/www.3p-gmbh.de\/es\/wp-json\/wp\/v2\/product"}],"about":[{"href":"https:\/\/www.3p-gmbh.de\/es\/wp-json\/wp\/v2\/types\/product"}],"wp:featuredmedia":[{"embeddable":true,"href":"https:\/\/www.3p-gmbh.de\/es\/wp-json\/wp\/v2\/media\/78928"}],"wp:attachment":[{"href":"https:\/\/www.3p-gmbh.de\/es\/wp-json\/wp\/v2\/media?parent=91258"}],"wp:term":[{"taxonomy":"product_brand","embeddable":true,"href":"https:\/\/www.3p-gmbh.de\/es\/wp-json\/wp\/v2\/product_brand?post=91258"},{"taxonomy":"product_cat","embeddable":true,"href":"https:\/\/www.3p-gmbh.de\/es\/wp-json\/wp\/v2\/product_cat?post=91258"},{"taxonomy":"product_tag","embeddable":true,"href":"https:\/\/www.3p-gmbh.de\/es\/wp-json\/wp\/v2\/product_tag?post=91258"}],"curies":[{"name":"wp","href":"https:\/\/api.w.org\/{rel}","templated":true}]}}