{"id":91252,"date":"2021-01-11T18:21:42","date_gmt":"2021-01-11T18:21:42","guid":{"rendered":"https:\/\/www.3p-gmbh.de\/produkt\/pila-plana-plegado-previo-akm-psa-60-pharma-con-prensa\/"},"modified":"2021-01-11T18:21:42","modified_gmt":"2021-01-11T18:21:42","slug":"pila-plana-preplegado-entrega-akm-psa-60-farmacia-con-prensa","status":"publish","type":"product","link":"https:\/\/www.3p-gmbh.de\/es\/produkt\/pila-plana-preplegado-entrega-akm-psa-60-farmacia-con-prensa\/","title":{"rendered":"Pila plana Plegado previo AKM PSA 60 Pharma con prensa"},"content":{"rendered":"<div><span style=\"color: #0000ff;\"><strong>entrega prefold m\u00f3vil entrega pila plana AKM PSA 60 Pharma con prensa<\/strong><\/span><\/div>\n<div><span style=\"color: #0000ff;\"><strong>de yr. 2010<\/strong><\/span><\/div>\n<div>Formato del producto m\u00edn. 90 x 60 x 0,5 mm<\/div>\n<div>Formato del producto m\u00e1x. 300&#215;600 x 8,0 mm<\/div>\n<div>Velocidad 32-180m\/min.<\/div>\n<div>2 pares de rodillos de prensado Presi\u00f3n de prensado 20000 N<\/div>\n<div>Contador<\/div>\n<div>Altura de importaci\u00f3n 650-950 mm<\/div>\n<div>Potencia necesaria 1,2 kW 230\/400 V. 50\/60 Hz<\/div>\n<div>Dimensiones de la m\u00e1quina L 1960 x A 1360 x A 1190 mm<\/div>\n","protected":false},"excerpt":{"rendered":"<p>entrega prefold m\u00f3vil entrega pila plana AKM PSA 60 Pharma con prensa de yr. 2010 Formato del producto m\u00edn. 90 x 60 x 0,5 mm Formato del producto m\u00e1x. 300&#215;600 x 8,0 mm Velocidad 32-180m\/min. 2 pares de rodillos de prensado Presi\u00f3n de prensado 20000 N Contador Altura de importaci\u00f3n 650-950 mm Potencia necesaria 1,2 [&hellip;]<\/p>\n","protected":false},"featured_media":78910,"template":"","meta":[],"product_brand":[],"product_cat":[2913],"product_tag":[],"class_list":{"0":"post-91252","1":"product","2":"type-product","3":"status-publish","4":"has-post-thumbnail","6":"product_cat-gastos","7":"pa_hersteller-akm","8":"pa_typ-psa-60","10":"first","11":"instock","12":"taxable","13":"shipping-taxable","14":"product-type-simple"},"jetpack_sharing_enabled":true,"_links":{"self":[{"href":"https:\/\/www.3p-gmbh.de\/es\/wp-json\/wp\/v2\/product\/91252","targetHints":{"allow":["GET"]}}],"collection":[{"href":"https:\/\/www.3p-gmbh.de\/es\/wp-json\/wp\/v2\/product"}],"about":[{"href":"https:\/\/www.3p-gmbh.de\/es\/wp-json\/wp\/v2\/types\/product"}],"wp:featuredmedia":[{"embeddable":true,"href":"https:\/\/www.3p-gmbh.de\/es\/wp-json\/wp\/v2\/media\/78910"}],"wp:attachment":[{"href":"https:\/\/www.3p-gmbh.de\/es\/wp-json\/wp\/v2\/media?parent=91252"}],"wp:term":[{"taxonomy":"product_brand","embeddable":true,"href":"https:\/\/www.3p-gmbh.de\/es\/wp-json\/wp\/v2\/product_brand?post=91252"},{"taxonomy":"product_cat","embeddable":true,"href":"https:\/\/www.3p-gmbh.de\/es\/wp-json\/wp\/v2\/product_cat?post=91252"},{"taxonomy":"product_tag","embeddable":true,"href":"https:\/\/www.3p-gmbh.de\/es\/wp-json\/wp\/v2\/product_tag?post=91252"}],"curies":[{"name":"wp","href":"https:\/\/api.w.org\/{rel}","templated":true}]}}