{"id":91250,"date":"2021-01-11T18:08:33","date_gmt":"2021-01-11T18:08:33","guid":{"rendered":"https:\/\/www.3p-gmbh.de\/produkt\/plastificadora-termica-foliant-400-gemini-totalmente-automatica\/"},"modified":"2021-01-11T18:08:33","modified_gmt":"2021-01-11T18:08:33","slug":"foliant-400-gemini-maquina-totalmente-automatica","status":"publish","type":"product","link":"https:\/\/www.3p-gmbh.de\/es\/produkt\/foliant-400-gemini-maquina-totalmente-automatica\/","title":{"rendered":"Plastificadora t\u00e9rmica Foliant 400 Gemini &#8211; totalmente autom\u00e1tica"},"content":{"rendered":"<p><span style=\"color: #0000ff;\"><strong>Plastificadora t\u00e9rmica Foliant 400 Gemini &#8211; totalmente autom\u00e1tica<br \/>\nA\u00f1o de fabricaci\u00f3n 2005<br \/>\n<\/strong><\/span><br \/>\nCaracter\u00edsticas del producto:<br \/>\n* Ahorro de costes y tiempo gracias a la codificaci\u00f3n interna<br \/>\n* Para formatos de hasta 380 mm de ancho de hoja, tambi\u00e9n impresiones digitales xerox<br \/>\n* Alimentador totalmente autom\u00e1tico para tiradas largas<br \/>\n* 1000 hojas B3-laminadas ya por debajo de aprox. 16,-\u20ac.<br \/>\n* Temperatura y velocidad controladas por el procesador<\/p>\n<p>Datos t\u00e9cnicos:<br \/>\nAlimentaci\u00f3n autom\u00e1tica<br \/>\nSeparaci\u00f3n autom\u00e1tica<br \/>\nMax. Producci\u00f3n por hora aprox. 1800 B3<br \/>\nVelocidad 0-15 m\/min<br \/>\nGrosor del papel 115-350 g<br \/>\nMin. Tama\u00f1o del papel 32&#215;25 cm<br \/>\nMax. Tama\u00f1o del papel 38x58cm<br \/>\nTemperatura 80-140\u00b0C<br \/>\nAlimentaci\u00f3n 220-240 V 1500 W<br \/>\nEspacio necesario 74x 280 cm<\/p>\n","protected":false},"excerpt":{"rendered":"<p>Plastificadora t\u00e9rmica Foliant 400 Gemini &#8211; totalmente autom\u00e1tica A\u00f1o de fabricaci\u00f3n 2005 Caracter\u00edsticas del producto: * Ahorro de costes y tiempo gracias a la codificaci\u00f3n interna * Para formatos de hasta 380 mm de ancho de hoja, tambi\u00e9n impresiones digitales xerox * Alimentador totalmente autom\u00e1tico para tiradas largas * 1000 hojas B3-laminadas ya por debajo [&hellip;]<\/p>\n","protected":false},"featured_media":78886,"template":"","meta":[],"product_brand":[],"product_cat":[3094],"product_tag":[],"class_list":{"0":"post-91250","1":"product","2":"type-product","3":"status-publish","4":"has-post-thumbnail","6":"product_cat-laminadoras-es","7":"pa_hersteller-foliant","8":"pa_typ-400-gemini","10":"first","11":"instock","12":"taxable","13":"shipping-taxable","14":"product-type-simple"},"jetpack_sharing_enabled":true,"_links":{"self":[{"href":"https:\/\/www.3p-gmbh.de\/es\/wp-json\/wp\/v2\/product\/91250","targetHints":{"allow":["GET"]}}],"collection":[{"href":"https:\/\/www.3p-gmbh.de\/es\/wp-json\/wp\/v2\/product"}],"about":[{"href":"https:\/\/www.3p-gmbh.de\/es\/wp-json\/wp\/v2\/types\/product"}],"wp:featuredmedia":[{"embeddable":true,"href":"https:\/\/www.3p-gmbh.de\/es\/wp-json\/wp\/v2\/media\/78886"}],"wp:attachment":[{"href":"https:\/\/www.3p-gmbh.de\/es\/wp-json\/wp\/v2\/media?parent=91250"}],"wp:term":[{"taxonomy":"product_brand","embeddable":true,"href":"https:\/\/www.3p-gmbh.de\/es\/wp-json\/wp\/v2\/product_brand?post=91250"},{"taxonomy":"product_cat","embeddable":true,"href":"https:\/\/www.3p-gmbh.de\/es\/wp-json\/wp\/v2\/product_cat?post=91250"},{"taxonomy":"product_tag","embeddable":true,"href":"https:\/\/www.3p-gmbh.de\/es\/wp-json\/wp\/v2\/product_tag?post=91250"}],"curies":[{"name":"wp","href":"https:\/\/api.w.org\/{rel}","templated":true}]}}