{"id":91235,"date":"2022-12-29T23:16:33","date_gmt":"2022-12-29T23:16:33","guid":{"rendered":"https:\/\/www.3p-gmbh.de\/produkt\/manroland-pressmanager-smart-option-version-3\/"},"modified":"2022-12-29T23:16:33","modified_gmt":"2022-12-29T23:16:33","slug":"manroland-press-manager-smart-option-version-3","status":"publish","type":"product","link":"https:\/\/www.3p-gmbh.de\/es\/produkt\/manroland-press-manager-smart-option-version-3\/","title":{"rendered":"ManRoland PressManager Smart + Option Versi\u00f3n 3"},"content":{"rendered":"<p><strong>ManRoland PressManager Smart + Option Versi\u00f3n 3<br \/>\n<\/strong>preinstalado en PC con Windows<br \/>\ncon ManRoland JobCard Drive (con varios soportes de tarjetas)<\/p>\n<p>M\u00e1s informaci\u00f3n sh. PDF<\/p>\n<p><a href=\"https:\/\/www.3p-gmbh.de\/wp-content\/uploads\/2022\/12\/PM-Smart-Admin-english.pdf\">PM Smart Admin espa\u00f1ol<\/a><\/p>\n","protected":false},"excerpt":{"rendered":"<p>ManRoland PressManager Smart + Option Versi\u00f3n 3 preinstalado en PC con Windows con ManRoland JobCard Drive (con varios soportes de tarjetas) M\u00e1s informaci\u00f3n sh. PDF PM Smart Admin espa\u00f1ol<\/p>\n","protected":false},"featured_media":84887,"template":"","meta":[],"product_brand":[],"product_cat":[3008],"product_tag":[],"class_list":{"0":"post-91235","1":"product","2":"type-product","3":"status-publish","4":"has-post-thumbnail","6":"product_cat-software-de-preimpresion","7":"pa_hersteller-man-roland","9":"first","10":"instock","11":"taxable","12":"shipping-taxable","13":"product-type-simple"},"jetpack_sharing_enabled":true,"_links":{"self":[{"href":"https:\/\/www.3p-gmbh.de\/es\/wp-json\/wp\/v2\/product\/91235","targetHints":{"allow":["GET"]}}],"collection":[{"href":"https:\/\/www.3p-gmbh.de\/es\/wp-json\/wp\/v2\/product"}],"about":[{"href":"https:\/\/www.3p-gmbh.de\/es\/wp-json\/wp\/v2\/types\/product"}],"wp:featuredmedia":[{"embeddable":true,"href":"https:\/\/www.3p-gmbh.de\/es\/wp-json\/wp\/v2\/media\/84887"}],"wp:attachment":[{"href":"https:\/\/www.3p-gmbh.de\/es\/wp-json\/wp\/v2\/media?parent=91235"}],"wp:term":[{"taxonomy":"product_brand","embeddable":true,"href":"https:\/\/www.3p-gmbh.de\/es\/wp-json\/wp\/v2\/product_brand?post=91235"},{"taxonomy":"product_cat","embeddable":true,"href":"https:\/\/www.3p-gmbh.de\/es\/wp-json\/wp\/v2\/product_cat?post=91235"},{"taxonomy":"product_tag","embeddable":true,"href":"https:\/\/www.3p-gmbh.de\/es\/wp-json\/wp\/v2\/product_tag?post=91235"}],"curies":[{"name":"wp","href":"https:\/\/api.w.org\/{rel}","templated":true}]}}