{"id":91234,"date":"2023-01-04T22:38:08","date_gmt":"2023-01-04T22:38:08","guid":{"rendered":"https:\/\/www.3p-gmbh.de\/produkt\/pantalla-de-apilamiento-palamidas-alfa-500\/"},"modified":"2023-01-04T22:38:08","modified_gmt":"2023-01-04T22:38:08","slug":"pila-display-palamidas-alfa-500","status":"publish","type":"product","link":"https:\/\/www.3p-gmbh.de\/es\/produkt\/pila-display-palamidas-alfa-500\/","title":{"rendered":"Pantalla de apilamiento Palamidas alfa 500"},"content":{"rendered":"<p><strong>Entrega apilada de palamidas Alpha 500<\/strong><br \/>\n<strong>A\u00f1o de fabricaci\u00f3n 10-2011<br \/>\n<\/strong><br \/>\npara una colocaci\u00f3n sin marcas<br \/>\nInterfaz de la carpeta de acero<br \/>\nTabla de salida<\/p>\n","protected":false},"excerpt":{"rendered":"<p>Entrega apilada de palamidas Alpha 500 A\u00f1o de fabricaci\u00f3n 10-2011 para una colocaci\u00f3n sin marcas Interfaz de la carpeta de acero Tabla de salida<\/p>\n","protected":false},"featured_media":84980,"template":"","meta":[],"product_brand":[],"product_cat":[2913],"product_tag":[],"class_list":{"0":"post-91234","1":"product","2":"type-product","3":"status-publish","4":"has-post-thumbnail","6":"product_cat-gastos","7":"pa_hersteller-palamides","8":"pa_typ-alpha-500","10":"first","11":"instock","12":"taxable","13":"shipping-taxable","14":"product-type-simple"},"jetpack_sharing_enabled":true,"_links":{"self":[{"href":"https:\/\/www.3p-gmbh.de\/es\/wp-json\/wp\/v2\/product\/91234","targetHints":{"allow":["GET"]}}],"collection":[{"href":"https:\/\/www.3p-gmbh.de\/es\/wp-json\/wp\/v2\/product"}],"about":[{"href":"https:\/\/www.3p-gmbh.de\/es\/wp-json\/wp\/v2\/types\/product"}],"wp:featuredmedia":[{"embeddable":true,"href":"https:\/\/www.3p-gmbh.de\/es\/wp-json\/wp\/v2\/media\/84980"}],"wp:attachment":[{"href":"https:\/\/www.3p-gmbh.de\/es\/wp-json\/wp\/v2\/media?parent=91234"}],"wp:term":[{"taxonomy":"product_brand","embeddable":true,"href":"https:\/\/www.3p-gmbh.de\/es\/wp-json\/wp\/v2\/product_brand?post=91234"},{"taxonomy":"product_cat","embeddable":true,"href":"https:\/\/www.3p-gmbh.de\/es\/wp-json\/wp\/v2\/product_cat?post=91234"},{"taxonomy":"product_tag","embeddable":true,"href":"https:\/\/www.3p-gmbh.de\/es\/wp-json\/wp\/v2\/product_tag?post=91234"}],"curies":[{"name":"wp","href":"https:\/\/api.w.org\/{rel}","templated":true}]}}