{"id":91204,"date":"2021-05-09T14:00:37","date_gmt":"2021-05-09T14:00:37","guid":{"rendered":"https:\/\/www.3p-gmbh.de\/produkt\/estacion-movil-de-apertura-de-vacio-herzog-heymann-con-servoaccionamiento-y-generador-de-vacio-becker-dsk-4-40\/"},"modified":"2021-05-09T14:00:37","modified_gmt":"2021-05-09T14:00:37","slug":"herzog-heymann-estacion-movil-de-vacio-con-servoaccionamiento-y-generador-de-vacio-becker-dsk-4-40","status":"publish","type":"product","link":"https:\/\/www.3p-gmbh.de\/es\/produkt\/herzog-heymann-estacion-movil-de-vacio-con-servoaccionamiento-y-generador-de-vacio-becker-dsk-4-40\/","title":{"rendered":"Estaci\u00f3n m\u00f3vil de apertura de vac\u00edo Herzog &amp; Heymann con servoaccionamiento y generador de vac\u00edo Becker DSK 4.40"},"content":{"rendered":"<div><strong>Estaci\u00f3n m\u00f3vil de apertura de vac\u00edo Herzog &amp; Heymann con servoaccionamiento y generador de vac\u00edo Becker DSK 4.40<\/strong><\/div>\n<div><strong>desde 2003<\/strong><\/div>\n","protected":false},"excerpt":{"rendered":"<p>Estaci\u00f3n m\u00f3vil de apertura de vac\u00edo Herzog &amp; Heymann con servoaccionamiento y generador de vac\u00edo Becker DSK 4.40 desde 2003<\/p>\n","protected":false},"featured_media":82906,"template":"","meta":[],"product_brand":[],"product_cat":[3059],"product_tag":[],"class_list":{"0":"post-91204","1":"product","2":"type-product","3":"status-publish","4":"has-post-thumbnail","6":"product_cat-sistemas-de-correo","7":"pa_hersteller-herzog-heymann","9":"first","10":"instock","11":"taxable","12":"shipping-taxable","13":"product-type-simple"},"jetpack_sharing_enabled":true,"_links":{"self":[{"href":"https:\/\/www.3p-gmbh.de\/es\/wp-json\/wp\/v2\/product\/91204","targetHints":{"allow":["GET"]}}],"collection":[{"href":"https:\/\/www.3p-gmbh.de\/es\/wp-json\/wp\/v2\/product"}],"about":[{"href":"https:\/\/www.3p-gmbh.de\/es\/wp-json\/wp\/v2\/types\/product"}],"wp:featuredmedia":[{"embeddable":true,"href":"https:\/\/www.3p-gmbh.de\/es\/wp-json\/wp\/v2\/media\/82906"}],"wp:attachment":[{"href":"https:\/\/www.3p-gmbh.de\/es\/wp-json\/wp\/v2\/media?parent=91204"}],"wp:term":[{"taxonomy":"product_brand","embeddable":true,"href":"https:\/\/www.3p-gmbh.de\/es\/wp-json\/wp\/v2\/product_brand?post=91204"},{"taxonomy":"product_cat","embeddable":true,"href":"https:\/\/www.3p-gmbh.de\/es\/wp-json\/wp\/v2\/product_cat?post=91204"},{"taxonomy":"product_tag","embeddable":true,"href":"https:\/\/www.3p-gmbh.de\/es\/wp-json\/wp\/v2\/product_tag?post=91204"}],"curies":[{"name":"wp","href":"https:\/\/api.w.org\/{rel}","templated":true}]}}