{"id":91179,"date":"2021-05-29T10:34:20","date_gmt":"2021-05-29T10:34:20","guid":{"rendered":"https:\/\/www.3p-gmbh.de\/produkt\/barras-de-aspiracion-para-heidelberg-tiegel-modelos-gt-gts-y-gtp\/"},"modified":"2021-05-29T10:34:20","modified_gmt":"2021-05-29T10:34:20","slug":"varillas-de-aspiracion-para-modelos-de-crisol-heidelberg-gt-gts-y-gtp","status":"publish","type":"product","link":"https:\/\/www.3p-gmbh.de\/es\/produkt\/varillas-de-aspiracion-para-modelos-de-crisol-heidelberg-gt-gts-y-gtp\/","title":{"rendered":"Barras de aspiraci\u00f3n para Heidelberg Tiegel modelos GT GTS y GTP"},"content":{"rendered":"<p><strong>Barras de aspiraci\u00f3n para gramajes pesados para Heidelberg Tiegel modelos GT GTS y GTP<\/strong><\/p>\n<div>para la prensa de platina Original Heidelberg<\/div>\n<div>OHT Heidelberg GT A3 &#8211; M\u00e1quina autom\u00e1tica para crisoles Varillas de succi\u00f3n especiales<\/div>\n<div>para gramajes elevados<\/div>\n","protected":false},"excerpt":{"rendered":"<p>Barras de aspiraci\u00f3n para gramajes pesados para Heidelberg Tiegel modelos GT GTS y GTP para la prensa de platina Original Heidelberg OHT Heidelberg GT A3 &#8211; M\u00e1quina autom\u00e1tica para crisoles Varillas de succi\u00f3n especiales para gramajes elevados<\/p>\n","protected":false},"featured_media":80852,"template":"","meta":[],"product_brand":[],"product_cat":[2880],"product_tag":[],"class_list":{"0":"post-91179","1":"product","2":"type-product","3":"status-publish","4":"has-post-thumbnail","6":"product_cat-tipografia","8":"first","9":"instock","10":"taxable","11":"shipping-taxable","12":"product-type-simple"},"jetpack_sharing_enabled":true,"_links":{"self":[{"href":"https:\/\/www.3p-gmbh.de\/es\/wp-json\/wp\/v2\/product\/91179","targetHints":{"allow":["GET"]}}],"collection":[{"href":"https:\/\/www.3p-gmbh.de\/es\/wp-json\/wp\/v2\/product"}],"about":[{"href":"https:\/\/www.3p-gmbh.de\/es\/wp-json\/wp\/v2\/types\/product"}],"wp:featuredmedia":[{"embeddable":true,"href":"https:\/\/www.3p-gmbh.de\/es\/wp-json\/wp\/v2\/media\/80852"}],"wp:attachment":[{"href":"https:\/\/www.3p-gmbh.de\/es\/wp-json\/wp\/v2\/media?parent=91179"}],"wp:term":[{"taxonomy":"product_brand","embeddable":true,"href":"https:\/\/www.3p-gmbh.de\/es\/wp-json\/wp\/v2\/product_brand?post=91179"},{"taxonomy":"product_cat","embeddable":true,"href":"https:\/\/www.3p-gmbh.de\/es\/wp-json\/wp\/v2\/product_cat?post=91179"},{"taxonomy":"product_tag","embeddable":true,"href":"https:\/\/www.3p-gmbh.de\/es\/wp-json\/wp\/v2\/product_tag?post=91179"}],"curies":[{"name":"wp","href":"https:\/\/api.w.org\/{rel}","templated":true}]}}