{"id":91167,"date":"2021-05-29T10:45:13","date_gmt":"2021-05-29T10:45:13","guid":{"rendered":"https:\/\/www.3p-gmbh.de\/produkt\/planchas-de-embalaje-inferior-para-maquinas-de-impresion-monocolor\/"},"modified":"2021-05-29T10:45:13","modified_gmt":"2021-05-29T10:45:13","slug":"planchas-de-subembalaje-para-maquinas-de-impresion-monocolor","status":"publish","type":"product","link":"https:\/\/www.3p-gmbh.de\/es\/produkt\/planchas-de-subembalaje-para-maquinas-de-impresion-monocolor\/","title":{"rendered":"Planchas de embalaje inferior para m\u00e1quinas de impresi\u00f3n monocolor"},"content":{"rendered":"<div><strong>varias planchas de embalaje inferior para m\u00e1quina de impresi\u00f3n offset monocolor<\/strong><\/div>\n<div><\/div>\n<div>GTO 46 , GTO 52 , Edelmann Practica<\/div>\n","protected":false},"excerpt":{"rendered":"<p>varias planchas de embalaje inferior para m\u00e1quina de impresi\u00f3n offset monocolor GTO 46 , GTO 52 , Edelmann Practica<\/p>\n","protected":false},"featured_media":80873,"template":"","meta":[],"product_brand":[],"product_cat":[2899],"product_tag":[],"class_list":{"0":"post-91167","1":"product","2":"type-product","3":"status-publish","4":"has-post-thumbnail","6":"product_cat-accesorios-y-piezas-de-recambio-para-prensas","8":"first","9":"instock","10":"taxable","11":"shipping-taxable","12":"product-type-simple"},"jetpack_sharing_enabled":true,"_links":{"self":[{"href":"https:\/\/www.3p-gmbh.de\/es\/wp-json\/wp\/v2\/product\/91167","targetHints":{"allow":["GET"]}}],"collection":[{"href":"https:\/\/www.3p-gmbh.de\/es\/wp-json\/wp\/v2\/product"}],"about":[{"href":"https:\/\/www.3p-gmbh.de\/es\/wp-json\/wp\/v2\/types\/product"}],"wp:featuredmedia":[{"embeddable":true,"href":"https:\/\/www.3p-gmbh.de\/es\/wp-json\/wp\/v2\/media\/80873"}],"wp:attachment":[{"href":"https:\/\/www.3p-gmbh.de\/es\/wp-json\/wp\/v2\/media?parent=91167"}],"wp:term":[{"taxonomy":"product_brand","embeddable":true,"href":"https:\/\/www.3p-gmbh.de\/es\/wp-json\/wp\/v2\/product_brand?post=91167"},{"taxonomy":"product_cat","embeddable":true,"href":"https:\/\/www.3p-gmbh.de\/es\/wp-json\/wp\/v2\/product_cat?post=91167"},{"taxonomy":"product_tag","embeddable":true,"href":"https:\/\/www.3p-gmbh.de\/es\/wp-json\/wp\/v2\/product_tag?post=91167"}],"curies":[{"name":"wp","href":"https:\/\/api.w.org\/{rel}","templated":true}]}}