{"id":91155,"date":"2021-06-14T20:17:40","date_gmt":"2021-06-14T20:17:40","guid":{"rendered":"https:\/\/www.3p-gmbh.de\/produkt\/tunel-de-retractilado-hugo-beck-slb-5020-25\/"},"modified":"2021-06-14T20:17:40","modified_gmt":"2021-06-14T20:17:40","slug":"schrumpftunnel-hugo-beck-slb-5020-25","status":"publish","type":"product","link":"https:\/\/www.3p-gmbh.de\/es\/produkt\/schrumpftunnel-hugo-beck-slb-5020-25\/","title":{"rendered":"T\u00fanel de retractilado Hugo Beck SLB 5020\/25"},"content":{"rendered":"<p><strong>T\u00fanel de retractilado Hugo Beck SLB 5020\/25<\/strong><br \/>\n<strong>Bj. 1999<br \/>\n<\/strong><br \/>\nT\u00fanel con un alto rendimiento t\u00e9rmico y varias opciones de ajuste para obtener los mejores resultados de retractilado.<br \/>\nEl t\u00fanel de retractilado sopla el aire caliente de la zona de entrada sobre el producto desde abajo y desde ambos lados.<br \/>\nEsto crea un flujo de aire en la direcci\u00f3n de la zona de salida,<br \/>\ndonde el aire calentado se extrae y permanece en circulaci\u00f3n en el principio de recirculaci\u00f3n<\/p>\n","protected":false},"excerpt":{"rendered":"<p>T\u00fanel de retractilado Hugo Beck SLB 5020\/25 Bj. 1999 T\u00fanel con un alto rendimiento t\u00e9rmico y varias opciones de ajuste para obtener los mejores resultados de retractilado. El t\u00fanel de retractilado sopla el aire caliente de la zona de entrada sobre el producto desde abajo y desde ambos lados. Esto crea un flujo de aire [&hellip;]<\/p>\n","protected":false},"featured_media":81029,"template":"","meta":[],"product_brand":[],"product_cat":[3028],"product_tag":[],"class_list":{"0":"post-91155","1":"product","2":"type-product","3":"status-publish","4":"has-post-thumbnail","6":"product_cat-envasadora-de-film-y-envasadora-estirable","7":"pa_hersteller-hugo-beck","8":"pa_typ-schrumpftunnel-slb-5020-25","10":"first","11":"instock","12":"taxable","13":"shipping-taxable","14":"product-type-simple"},"jetpack_sharing_enabled":true,"_links":{"self":[{"href":"https:\/\/www.3p-gmbh.de\/es\/wp-json\/wp\/v2\/product\/91155","targetHints":{"allow":["GET"]}}],"collection":[{"href":"https:\/\/www.3p-gmbh.de\/es\/wp-json\/wp\/v2\/product"}],"about":[{"href":"https:\/\/www.3p-gmbh.de\/es\/wp-json\/wp\/v2\/types\/product"}],"wp:featuredmedia":[{"embeddable":true,"href":"https:\/\/www.3p-gmbh.de\/es\/wp-json\/wp\/v2\/media\/81029"}],"wp:attachment":[{"href":"https:\/\/www.3p-gmbh.de\/es\/wp-json\/wp\/v2\/media?parent=91155"}],"wp:term":[{"taxonomy":"product_brand","embeddable":true,"href":"https:\/\/www.3p-gmbh.de\/es\/wp-json\/wp\/v2\/product_brand?post=91155"},{"taxonomy":"product_cat","embeddable":true,"href":"https:\/\/www.3p-gmbh.de\/es\/wp-json\/wp\/v2\/product_cat?post=91155"},{"taxonomy":"product_tag","embeddable":true,"href":"https:\/\/www.3p-gmbh.de\/es\/wp-json\/wp\/v2\/product_tag?post=91155"}],"curies":[{"name":"wp","href":"https:\/\/api.w.org\/{rel}","templated":true}]}}