{"id":91136,"date":"2019-11-12T09:16:23","date_gmt":"2019-11-12T09:16:23","guid":{"rendered":"https:\/\/www.3p-gmbh.de\/produkt\/taladradora-de-papel-de-cuatro-husillos-hang-106-dtk-4\/"},"modified":"2019-11-12T09:16:23","modified_gmt":"2019-11-12T09:16:23","slug":"hang-106-dtk-4-taladradora-de-papel-de-cuatro-husillos","status":"publish","type":"product","link":"https:\/\/www.3p-gmbh.de\/es\/produkt\/hang-106-dtk-4-taladradora-de-papel-de-cuatro-husillos\/","title":{"rendered":"Taladradora de papel de cuatro husillos Hang 106 DTK 4"},"content":{"rendered":"<p>con elevaci\u00f3n autom\u00e1tica de la mesa<br \/>\naprox. 35 cm de profundidad de perforaci\u00f3n<br \/>\nCabezas de taladro ajustables entre s\u00ed aprox. 50 cm<br \/>\nPesta\u00f1a<\/p>\n<p>Varios accesorios incluidos<\/p>\n","protected":false},"excerpt":{"rendered":"<p>con elevaci\u00f3n autom\u00e1tica de la mesa aprox. 35 cm de profundidad de perforaci\u00f3n Cabezas de taladro ajustables entre s\u00ed aprox. 50 cm Pesta\u00f1a Varios accesorios incluidos<\/p>\n","protected":false},"featured_media":74914,"template":"","meta":[],"product_brand":[],"product_cat":[2956],"product_tag":[],"class_list":{"0":"post-91136","1":"product","2":"type-product","3":"status-publish","4":"has-post-thumbnail","6":"product_cat-taladros-de-papel","7":"pa_hersteller-constantin-hang","8":"pa_typ-106-dtk-4","10":"first","11":"instock","12":"taxable","13":"shipping-taxable","14":"purchasable","15":"product-type-simple"},"jetpack_sharing_enabled":true,"_links":{"self":[{"href":"https:\/\/www.3p-gmbh.de\/es\/wp-json\/wp\/v2\/product\/91136","targetHints":{"allow":["GET"]}}],"collection":[{"href":"https:\/\/www.3p-gmbh.de\/es\/wp-json\/wp\/v2\/product"}],"about":[{"href":"https:\/\/www.3p-gmbh.de\/es\/wp-json\/wp\/v2\/types\/product"}],"wp:featuredmedia":[{"embeddable":true,"href":"https:\/\/www.3p-gmbh.de\/es\/wp-json\/wp\/v2\/media\/74914"}],"wp:attachment":[{"href":"https:\/\/www.3p-gmbh.de\/es\/wp-json\/wp\/v2\/media?parent=91136"}],"wp:term":[{"taxonomy":"product_brand","embeddable":true,"href":"https:\/\/www.3p-gmbh.de\/es\/wp-json\/wp\/v2\/product_brand?post=91136"},{"taxonomy":"product_cat","embeddable":true,"href":"https:\/\/www.3p-gmbh.de\/es\/wp-json\/wp\/v2\/product_cat?post=91136"},{"taxonomy":"product_tag","embeddable":true,"href":"https:\/\/www.3p-gmbh.de\/es\/wp-json\/wp\/v2\/product_tag?post=91136"}],"curies":[{"name":"wp","href":"https:\/\/api.w.org\/{rel}","templated":true}]}}