{"id":91128,"date":"2019-11-12T12:14:58","date_gmt":"2019-11-12T12:14:58","guid":{"rendered":"https:\/\/www.3p-gmbh.de\/produkt\/perforadora-de-etiquetas-albert-frankental-modelo-europa-es\/"},"modified":"2019-11-12T12:14:58","modified_gmt":"2019-11-12T12:14:58","slug":"albert-frankental-label-punch-model-europe-es","status":"publish","type":"product","link":"https:\/\/www.3p-gmbh.de\/es\/produkt\/albert-frankental-label-punch-model-europe-es\/","title":{"rendered":"Perforadora de etiquetas Albert Frankental modelo Europa ES"},"content":{"rendered":"<p>Formato de perforaci\u00f3n m\u00e1x. aprox. 230\u00d7230 mm<br \/>\nFormato de perforaci\u00f3n m\u00edn.: 10\u00d710 mm<br \/>\nPresi\u00f3n de perforaci\u00f3n: 10 toneladas<br \/>\n4 brazos de sujeci\u00f3n de herramientas<\/p>\n","protected":false},"excerpt":{"rendered":"<p>Formato de perforaci\u00f3n m\u00e1x. aprox. 230\u00d7230 mm Formato de perforaci\u00f3n m\u00edn.: 10\u00d710 mm Presi\u00f3n de perforaci\u00f3n: 10 toneladas 4 brazos de sujeci\u00f3n de herramientas<\/p>\n","protected":false},"featured_media":74935,"template":"","meta":[],"product_brand":[],"product_cat":[2910],"product_tag":[],"class_list":{"0":"post-91128","1":"product","2":"type-product","3":"status-publish","4":"has-post-thumbnail","6":"product_cat-perforacion","7":"pa_hersteller-albert-frankental","8":"pa_typ-europa-es","10":"first","11":"instock","12":"taxable","13":"shipping-taxable","14":"purchasable","15":"product-type-simple"},"jetpack_sharing_enabled":true,"_links":{"self":[{"href":"https:\/\/www.3p-gmbh.de\/es\/wp-json\/wp\/v2\/product\/91128","targetHints":{"allow":["GET"]}}],"collection":[{"href":"https:\/\/www.3p-gmbh.de\/es\/wp-json\/wp\/v2\/product"}],"about":[{"href":"https:\/\/www.3p-gmbh.de\/es\/wp-json\/wp\/v2\/types\/product"}],"wp:featuredmedia":[{"embeddable":true,"href":"https:\/\/www.3p-gmbh.de\/es\/wp-json\/wp\/v2\/media\/74935"}],"wp:attachment":[{"href":"https:\/\/www.3p-gmbh.de\/es\/wp-json\/wp\/v2\/media?parent=91128"}],"wp:term":[{"taxonomy":"product_brand","embeddable":true,"href":"https:\/\/www.3p-gmbh.de\/es\/wp-json\/wp\/v2\/product_brand?post=91128"},{"taxonomy":"product_cat","embeddable":true,"href":"https:\/\/www.3p-gmbh.de\/es\/wp-json\/wp\/v2\/product_cat?post=91128"},{"taxonomy":"product_tag","embeddable":true,"href":"https:\/\/www.3p-gmbh.de\/es\/wp-json\/wp\/v2\/product_tag?post=91128"}],"curies":[{"name":"wp","href":"https:\/\/api.w.org\/{rel}","templated":true}]}}