{"id":91123,"date":"2019-11-12T12:00:40","date_gmt":"2019-11-12T12:00:40","guid":{"rendered":"https:\/\/www.3p-gmbh.de\/produkt\/maquina-ranuradora-hendidora-y-perforadora-electrica-binderhaus-r-450-e\/"},"modified":"2019-11-12T12:00:40","modified_gmt":"2019-11-12T12:00:40","slug":"binderhaus-r-450-e-maquina-electrica-de-ranurar-y-perforar","status":"publish","type":"product","link":"https:\/\/www.3p-gmbh.de\/es\/produkt\/binderhaus-r-450-e-maquina-electrica-de-ranurar-y-perforar\/","title":{"rendered":"M\u00e1quina ranuradora, hendidora y perforadora el\u00e9ctrica Binderhaus R 450-E"},"content":{"rendered":"<p>La anchura de ranura de 450 mm permite procesar hasta DIN A2 (longitudinalmente).<br \/>\nPerforaci\u00f3n en la impresi\u00f3n tipogr\u00e1fica de alta calidad.<br \/>\nLas anchuras de las ranuras pueden cambiarse r\u00e1pidamente con s\u00f3lo girar la barra de ranuras sin necesidad de herramientas. La perforaci\u00f3n se configura en unos sencillos pasos.<\/p>\n<p>Espacio necesario 500 x 400 x 200 mm,peso 25 kg, alimentaci\u00f3n 230V<\/p>\n","protected":false},"excerpt":{"rendered":"<p>La anchura de ranura de 450 mm permite procesar hasta DIN A2 (longitudinalmente). Perforaci\u00f3n en la impresi\u00f3n tipogr\u00e1fica de alta calidad. Las anchuras de las ranuras pueden cambiarse r\u00e1pidamente con s\u00f3lo girar la barra de ranuras sin necesidad de herramientas. La perforaci\u00f3n se configura en unos sencillos pasos. Espacio necesario 500 x 400 x 200 [&hellip;]<\/p>\n","protected":false},"featured_media":74920,"template":"","meta":[],"product_brand":[],"product_cat":[2959],"product_tag":[],"class_list":{"0":"post-91123","1":"product","2":"type-product","3":"status-publish","4":"has-post-thumbnail","6":"product_cat-maquinas-ranuradoras-y-perforadoras","7":"pa_hersteller-binderhaus","8":"pa_typ-r-450-e","10":"first","11":"instock","12":"taxable","13":"shipping-taxable","14":"purchasable","15":"product-type-simple"},"jetpack_sharing_enabled":true,"_links":{"self":[{"href":"https:\/\/www.3p-gmbh.de\/es\/wp-json\/wp\/v2\/product\/91123","targetHints":{"allow":["GET"]}}],"collection":[{"href":"https:\/\/www.3p-gmbh.de\/es\/wp-json\/wp\/v2\/product"}],"about":[{"href":"https:\/\/www.3p-gmbh.de\/es\/wp-json\/wp\/v2\/types\/product"}],"wp:featuredmedia":[{"embeddable":true,"href":"https:\/\/www.3p-gmbh.de\/es\/wp-json\/wp\/v2\/media\/74920"}],"wp:attachment":[{"href":"https:\/\/www.3p-gmbh.de\/es\/wp-json\/wp\/v2\/media?parent=91123"}],"wp:term":[{"taxonomy":"product_brand","embeddable":true,"href":"https:\/\/www.3p-gmbh.de\/es\/wp-json\/wp\/v2\/product_brand?post=91123"},{"taxonomy":"product_cat","embeddable":true,"href":"https:\/\/www.3p-gmbh.de\/es\/wp-json\/wp\/v2\/product_cat?post=91123"},{"taxonomy":"product_tag","embeddable":true,"href":"https:\/\/www.3p-gmbh.de\/es\/wp-json\/wp\/v2\/product_tag?post=91123"}],"curies":[{"name":"wp","href":"https:\/\/api.w.org\/{rel}","templated":true}]}}