{"id":91117,"date":"2019-11-15T08:24:28","date_gmt":"2019-11-15T08:24:28","guid":{"rendered":"https:\/\/www.3p-gmbh.de\/produkt\/espectrofotometro-x-rite-i1-basic-pro-2\/"},"modified":"2019-11-15T08:24:28","modified_gmt":"2019-11-15T08:24:28","slug":"x-rite-i1-basic-pro-2-espectrofotometro","status":"publish","type":"product","link":"https:\/\/www.3p-gmbh.de\/es\/produkt\/x-rite-i1-basic-pro-2-espectrofotometro\/","title":{"rendered":"Espectrofot\u00f3metro X-Rite i1 Basic Pro 2"},"content":{"rendered":"<p>i1 Basic Pro 2 de X-Rite te permite crear perfiles personalizados para monitores y proyectores de forma r\u00e1pida y sencilla, para que siempre puedas estar seguro de que los colores se muestran fieles a la realidad. Adem\u00e1s, puedes verificar la calidad de impresi\u00f3n y las pruebas en pantalla con las funciones integradas de control de calidad, y capturar y organizar colores directos.<\/p>\n<p>X-Rite i1Basic Pro 2 combina software y hardware de primera clase para proporcionar el paquete definitivo de gesti\u00f3n del color para la imagen profesional. El dispositivo de creaci\u00f3n de perfiles es preciso y est\u00e1 orientado al futuro. Con mayor precisi\u00f3n, facilidad de uso, fiabilidad y muchas nuevas funciones profesionales, sigue los \u00faltimos avances de la normalizaci\u00f3n ISO. La \u00faltima versi\u00f3n del software i1Profiler te ofrece los modos \u00abSimple\u00bb y \u00abAvanzado\u00bb para perfilar y calibrar profesionalmente tu monitor, proyector e impresora RGB\/CMYK+. Adem\u00e1s, se incluyen preajustes para la producci\u00f3n de v\u00eddeo y amplias funciones para el control de calidad de monitores e impresoras.<br \/>\nCon el programa PANTONE\u00ae Color Manager para la creaci\u00f3n de paletas de colores y para la simulaci\u00f3n digital de colores (\u00abbridging\u00bb), podr\u00e1 mantener f\u00e1cilmente actualizadas sus bibliotecas PANTONE. Adem\u00e1s, puede gestionar sus colores directos y a\u00f1adir sus propios colores.<\/p>\n<p>Volumen de suministro:<\/p>\n<ul>\n<li>Placa de tr\u00edpode<\/li>\n<li>Soporte para tr\u00edpode<\/li>\n<li>Soporte para monitor<\/li>\n<li>Posici\u00f3n del diafragma<\/li>\n<li>Placa de calibraci\u00f3n<\/li>\n<li>Dispositivo de medici\u00f3n<\/li>\n<li>Malet\u00edn de transporte<\/li>\n<li>Cable USB<\/li>\n<li>Tamp\u00f3n de medici\u00f3n<\/li>\n<li>Regla<\/li>\n<li>Soporte de datos de software<\/li>\n<li>Certificado<\/li>\n<li>Manual del usuario<\/li>\n<\/ul>\n","protected":false},"excerpt":{"rendered":"<p>i1 Basic Pro 2 de X-Rite te permite crear perfiles personalizados para monitores y proyectores de forma r\u00e1pida y sencilla, para que siempre puedas estar seguro de que los colores se muestran fieles a la realidad. Adem\u00e1s, puedes verificar la calidad de impresi\u00f3n y las pruebas en pantalla con las funciones integradas de control de [&hellip;]<\/p>\n","protected":false},"featured_media":75049,"template":"","meta":[],"product_brand":[],"product_cat":[2933],"product_tag":[],"class_list":{"0":"post-91117","1":"product","2":"type-product","3":"status-publish","4":"has-post-thumbnail","6":"product_cat-instrumentos-de-medida-y-control-de-calidad","7":"pa_bezeichnung_typ-x-rite-i1-basic-pro-2","8":"pa_hersteller-x-rite","10":"first","11":"instock","12":"taxable","13":"shipping-taxable","14":"purchasable","15":"product-type-simple"},"jetpack_sharing_enabled":true,"_links":{"self":[{"href":"https:\/\/www.3p-gmbh.de\/es\/wp-json\/wp\/v2\/product\/91117","targetHints":{"allow":["GET"]}}],"collection":[{"href":"https:\/\/www.3p-gmbh.de\/es\/wp-json\/wp\/v2\/product"}],"about":[{"href":"https:\/\/www.3p-gmbh.de\/es\/wp-json\/wp\/v2\/types\/product"}],"wp:featuredmedia":[{"embeddable":true,"href":"https:\/\/www.3p-gmbh.de\/es\/wp-json\/wp\/v2\/media\/75049"}],"wp:attachment":[{"href":"https:\/\/www.3p-gmbh.de\/es\/wp-json\/wp\/v2\/media?parent=91117"}],"wp:term":[{"taxonomy":"product_brand","embeddable":true,"href":"https:\/\/www.3p-gmbh.de\/es\/wp-json\/wp\/v2\/product_brand?post=91117"},{"taxonomy":"product_cat","embeddable":true,"href":"https:\/\/www.3p-gmbh.de\/es\/wp-json\/wp\/v2\/product_cat?post=91117"},{"taxonomy":"product_tag","embeddable":true,"href":"https:\/\/www.3p-gmbh.de\/es\/wp-json\/wp\/v2\/product_tag?post=91117"}],"curies":[{"name":"wp","href":"https:\/\/api.w.org\/{rel}","templated":true}]}}