{"id":91104,"date":"2019-11-15T11:41:52","date_gmt":"2019-11-15T11:41:52","guid":{"rendered":"https:\/\/www.3p-gmbh.de\/produkt\/encuadernadora-heidelberg-eurobind-eb-500-hotmelt-de-una-sola-cubierta\/"},"modified":"2019-11-15T11:41:52","modified_gmt":"2019-11-15T11:41:52","slug":"heidelberg-eurobind-eb-500-tenazas-tiras-calientes","status":"publish","type":"product","link":"https:\/\/www.3p-gmbh.de\/es\/produkt\/heidelberg-eurobind-eb-500-tenazas-tiras-calientes\/","title":{"rendered":"Encuadernadora Heidelberg Eurobind EB-500 Hotmelt de una sola cubierta"},"content":{"rendered":"<p>unos 350.000 libros<br \/>\nen excelente estado<br \/>\nm\u00e1x. Tama\u00f1o 32 x 44 cm<\/p>\n<ul>\n<li>Vibradores,<\/li>\n<li>Estaci\u00f3n de fresado y desbaste<\/li>\n<li>Unidad de encolado posterior termofusible<\/li>\n<li>Unidad de cola lateral termofusible<\/li>\n<li>alimentador autom\u00e1tico de cubiertas<\/li>\n<li>Unidad de doble ranura<\/li>\n<li>Estaci\u00f3n de presi\u00f3n<\/li>\n<\/ul>\n","protected":false},"excerpt":{"rendered":"<p>unos 350.000 libros en excelente estado m\u00e1x. Tama\u00f1o 32 x 44 cm Vibradores, Estaci\u00f3n de fresado y desbaste Unidad de encolado posterior termofusible Unidad de cola lateral termofusible alimentador autom\u00e1tico de cubiertas Unidad de doble ranura Estaci\u00f3n de presi\u00f3n<\/p>\n","protected":false},"featured_media":75145,"template":"","meta":[],"product_brand":[],"product_cat":[2954],"product_tag":[],"class_list":{"0":"post-91104","1":"product","2":"type-product","3":"status-publish","4":"has-post-thumbnail","6":"product_cat-aglutinante-adhesivo","7":"pa_hersteller-eurotecnica","8":"pa_hersteller-heidelberg","9":"pa_typ-eb-500","11":"first","12":"instock","13":"taxable","14":"shipping-taxable","15":"purchasable","16":"product-type-simple"},"jetpack_sharing_enabled":true,"_links":{"self":[{"href":"https:\/\/www.3p-gmbh.de\/es\/wp-json\/wp\/v2\/product\/91104","targetHints":{"allow":["GET"]}}],"collection":[{"href":"https:\/\/www.3p-gmbh.de\/es\/wp-json\/wp\/v2\/product"}],"about":[{"href":"https:\/\/www.3p-gmbh.de\/es\/wp-json\/wp\/v2\/types\/product"}],"wp:featuredmedia":[{"embeddable":true,"href":"https:\/\/www.3p-gmbh.de\/es\/wp-json\/wp\/v2\/media\/75145"}],"wp:attachment":[{"href":"https:\/\/www.3p-gmbh.de\/es\/wp-json\/wp\/v2\/media?parent=91104"}],"wp:term":[{"taxonomy":"product_brand","embeddable":true,"href":"https:\/\/www.3p-gmbh.de\/es\/wp-json\/wp\/v2\/product_brand?post=91104"},{"taxonomy":"product_cat","embeddable":true,"href":"https:\/\/www.3p-gmbh.de\/es\/wp-json\/wp\/v2\/product_cat?post=91104"},{"taxonomy":"product_tag","embeddable":true,"href":"https:\/\/www.3p-gmbh.de\/es\/wp-json\/wp\/v2\/product_tag?post=91104"}],"curies":[{"name":"wp","href":"https:\/\/api.w.org\/{rel}","templated":true}]}}