{"id":91097,"date":"2019-11-18T14:47:14","date_gmt":"2019-11-18T14:47:14","guid":{"rendered":"https:\/\/www.3p-gmbh.de\/produkt\/escaner-plano-screen-cezanne-elite-ft-s5500\/"},"modified":"2019-11-18T14:47:14","modified_gmt":"2019-11-18T14:47:14","slug":"pantalla-cezanne-elite-ft-s5500-flatbed-scanner","status":"publish","type":"product","link":"https:\/\/www.3p-gmbh.de\/es\/produkt\/pantalla-cezanne-elite-ft-s5500-flatbed-scanner\/","title":{"rendered":"Esc\u00e1ner plano Screen Cezanne Elite FT-S5500"},"content":{"rendered":"<ul>\n<li>L\u00ednea CCD, 8.000 elementos por l\u00ednea<\/li>\n<li>Tipos de plantillas (vista superior): Color, blanco\/negro, escala de grises<\/li>\n<li>Tipos de originales (revisi\u00f3n): Positivos en color, negativos en color, elementos de l\u00ednea, escala de grises<\/li>\n<li>Tama\u00f1o de escaneado 329 x 530 mm (13,0&#8243; x 20,9&#8243;)<\/li>\n<li>Resoluci\u00f3n \u00f3ptica en medios tonos 589 &#8211; 5.300 ppp<\/li>\n<li>Resoluci\u00f3n \u00f3ptica para elementos de l\u00ednea 600, 1.200, 2.000 ppp<\/li>\n<li>Resoluci\u00f3n de salida con medios tonos 20 &#8211; 20.000 ppp, con elementos de l\u00ednea 360 &#8211; 4.000 ppp<\/li>\n<li>m\u00e1x. Resoluci\u00f3n 4.2 D<\/li>\n<li>Profundidad de color 32 bits para CMYK, 48 bits RGB, 8 bits escala de grises<\/li>\n<li>Formatos de salida TIFF, EPS, DCS, SCITEX CT, JPEG , YCC<\/li>\n<li>Interfaz SCSI 2<\/li>\n<\/ul>\n","protected":false},"excerpt":{"rendered":"<p>L\u00ednea CCD, 8.000 elementos por l\u00ednea Tipos de plantillas (vista superior): Color, blanco\/negro, escala de grises Tipos de originales (revisi\u00f3n): Positivos en color, negativos en color, elementos de l\u00ednea, escala de grises Tama\u00f1o de escaneado 329 x 530 mm (13,0&#8243; x 20,9&#8243;) Resoluci\u00f3n \u00f3ptica en medios tonos 589 &#8211; 5.300 ppp Resoluci\u00f3n \u00f3ptica para elementos [&hellip;]<\/p>\n","protected":false},"featured_media":75196,"template":"","meta":[],"product_brand":[],"product_cat":[3095],"product_tag":[],"class_list":{"0":"post-91097","1":"product","2":"type-product","3":"status-publish","4":"has-post-thumbnail","6":"product_cat-escaner-plano","7":"pa_bezeichnung_typ-cezanne-elite-ft-s5500","8":"pa_hersteller-dainippon-screen","10":"first","11":"instock","12":"taxable","13":"shipping-taxable","14":"purchasable","15":"product-type-simple"},"jetpack_sharing_enabled":true,"_links":{"self":[{"href":"https:\/\/www.3p-gmbh.de\/es\/wp-json\/wp\/v2\/product\/91097","targetHints":{"allow":["GET"]}}],"collection":[{"href":"https:\/\/www.3p-gmbh.de\/es\/wp-json\/wp\/v2\/product"}],"about":[{"href":"https:\/\/www.3p-gmbh.de\/es\/wp-json\/wp\/v2\/types\/product"}],"wp:featuredmedia":[{"embeddable":true,"href":"https:\/\/www.3p-gmbh.de\/es\/wp-json\/wp\/v2\/media\/75196"}],"wp:attachment":[{"href":"https:\/\/www.3p-gmbh.de\/es\/wp-json\/wp\/v2\/media?parent=91097"}],"wp:term":[{"taxonomy":"product_brand","embeddable":true,"href":"https:\/\/www.3p-gmbh.de\/es\/wp-json\/wp\/v2\/product_brand?post=91097"},{"taxonomy":"product_cat","embeddable":true,"href":"https:\/\/www.3p-gmbh.de\/es\/wp-json\/wp\/v2\/product_cat?post=91097"},{"taxonomy":"product_tag","embeddable":true,"href":"https:\/\/www.3p-gmbh.de\/es\/wp-json\/wp\/v2\/product_tag?post=91097"}],"curies":[{"name":"wp","href":"https:\/\/api.w.org\/{rel}","templated":true}]}}