{"id":91090,"date":"2019-11-18T15:19:11","date_gmt":"2019-11-18T15:19:11","guid":{"rendered":"https:\/\/www.3p-gmbh.de\/produkt\/mbo-z2-movil-unidad-de-plegado-transversal-giratoria-180-con-control-de-navegador\/"},"modified":"2019-11-18T15:19:11","modified_gmt":"2019-11-18T15:19:11","slug":"mbo-z2-mobile-cross-break-con-control-navegador","status":"publish","type":"product","link":"https:\/\/www.3p-gmbh.de\/es\/produkt\/mbo-z2-mobile-cross-break-con-control-navegador\/","title":{"rendered":"MBO Z2 m\u00f3vil, unidad de plegado transversal giratoria 180\u00b0 con control de navegador"},"content":{"rendered":"<p>La unidad m\u00f3vil de plegado de cuchillas Z 2 puede girar 180\u00b0 y permite el plegado tanto desde arriba como desde abajo. Puede utilizarse para diversos fines:<\/p>\n<ul>\n<li>en plegadoras de planchas combinadas y de hebilla como unidad de plegado IV para 32 p\u00e1ginas, para la producci\u00f3n de pliegues ingleses, alemanes e internacionales en cuarto, as\u00ed como para tipos de plegado especiales.<\/li>\n<li>en las carpetas de la placa de la hebilla como unidad de plegado III &#8211; aqu\u00ed el material plegado puede devolverse a la consola de control central.<\/li>\n<li>para pliegues paralelos al lomo seg\u00fan el 1. y 2. Plegado en cruz en carpetas combinadas, en combinaci\u00f3n con la mesa de alimentaci\u00f3n angular.<\/li>\n<li>en conexi\u00f3n con las grapadoras de lomo para peque\u00f1os plegados de folletos en \u00e1ngulo recto y, en conexi\u00f3n con la mesa de alimentaci\u00f3n de esquinas, en paralelo al lomo.<\/li>\n<li>como unidad de plegado por capas para peque\u00f1os plegados de productos en \u00e1ngulo recto o paralelos al lomo, en combinaci\u00f3n con un alimentador de tambor, una mesa transportadora de esquinas, as\u00ed como una salida.<\/li>\n<li>para pliegues de ventana muy cerrados en plegadoras de chapa con hebilla despu\u00e9s de la unidad de plegado II, en plegadoras combinadas en combinaci\u00f3n con la mesa transportadora angular.<\/li>\n<\/ul>\n","protected":false},"excerpt":{"rendered":"<p>La unidad m\u00f3vil de plegado de cuchillas Z 2 puede girar 180\u00b0 y permite el plegado tanto desde arriba como desde abajo. Puede utilizarse para diversos fines: en plegadoras de planchas combinadas y de hebilla como unidad de plegado IV para 32 p\u00e1ginas, para la producci\u00f3n de pliegues ingleses, alemanes e internacionales en cuarto, as\u00ed [&hellip;]<\/p>\n","protected":false},"featured_media":77527,"template":"","meta":[],"product_brand":[],"product_cat":[2915],"product_tag":[],"class_list":{"0":"post-91090","1":"product","2":"type-product","3":"status-publish","4":"has-post-thumbnail","6":"product_cat-unidades-plegables","7":"pa_hersteller-mbo-oppenweiler","8":"pa_typ-mbo-z2","10":"first","11":"instock","12":"taxable","13":"shipping-taxable","14":"purchasable","15":"product-type-simple"},"jetpack_sharing_enabled":true,"_links":{"self":[{"href":"https:\/\/www.3p-gmbh.de\/es\/wp-json\/wp\/v2\/product\/91090","targetHints":{"allow":["GET"]}}],"collection":[{"href":"https:\/\/www.3p-gmbh.de\/es\/wp-json\/wp\/v2\/product"}],"about":[{"href":"https:\/\/www.3p-gmbh.de\/es\/wp-json\/wp\/v2\/types\/product"}],"wp:featuredmedia":[{"embeddable":true,"href":"https:\/\/www.3p-gmbh.de\/es\/wp-json\/wp\/v2\/media\/77527"}],"wp:attachment":[{"href":"https:\/\/www.3p-gmbh.de\/es\/wp-json\/wp\/v2\/media?parent=91090"}],"wp:term":[{"taxonomy":"product_brand","embeddable":true,"href":"https:\/\/www.3p-gmbh.de\/es\/wp-json\/wp\/v2\/product_brand?post=91090"},{"taxonomy":"product_cat","embeddable":true,"href":"https:\/\/www.3p-gmbh.de\/es\/wp-json\/wp\/v2\/product_cat?post=91090"},{"taxonomy":"product_tag","embeddable":true,"href":"https:\/\/www.3p-gmbh.de\/es\/wp-json\/wp\/v2\/product_tag?post=91090"}],"curies":[{"name":"wp","href":"https:\/\/api.w.org\/{rel}","templated":true}]}}