{"id":91084,"date":"2019-11-18T15:17:26","date_gmt":"2019-11-18T15:17:26","guid":{"rendered":"https:\/\/www.3p-gmbh.de\/produkt\/plastificadora-gbc-voyager-3\/"},"modified":"2019-11-18T15:17:26","modified_gmt":"2019-11-18T15:17:26","slug":"laminadora-gbc-voyager-3","status":"publish","type":"product","link":"https:\/\/www.3p-gmbh.de\/es\/produkt\/laminadora-gbc-voyager-3\/","title":{"rendered":"Plastificadora GBC Voyager 3"},"content":{"rendered":"<ul>\n<li>Plastificadora t\u00e9rmica de rodillos de alta velocidad para impresi\u00f3n offset y digital<\/li>\n<li>con sistema de alta velocidad<\/li>\n<li>min. Tama\u00f1o de la hoja 21,6 x 28 cm<\/li>\n<li>m\u00e1x. Tama\u00f1o de la hoja 76,2 x 101,6 cm<\/li>\n<li>Velocidad 45,7 m\/min<\/li>\n<li>Embarcadero<\/li>\n<li>entrega autom\u00e1tica<\/li>\n<\/ul>\n","protected":false},"excerpt":{"rendered":"<p>Plastificadora t\u00e9rmica de rodillos de alta velocidad para impresi\u00f3n offset y digital con sistema de alta velocidad min. Tama\u00f1o de la hoja 21,6 x 28 cm m\u00e1x. Tama\u00f1o de la hoja 76,2 x 101,6 cm Velocidad 45,7 m\/min Embarcadero entrega autom\u00e1tica<\/p>\n","protected":false},"featured_media":75241,"template":"","meta":[],"product_brand":[],"product_cat":[3094],"product_tag":[],"class_list":{"0":"post-91084","1":"product","2":"type-product","3":"status-publish","4":"has-post-thumbnail","6":"product_cat-laminadoras-es","7":"pa_hersteller-gbc","8":"pa_typ-voyager-3","10":"first","11":"instock","12":"taxable","13":"shipping-taxable","14":"purchasable","15":"product-type-simple"},"jetpack_sharing_enabled":true,"_links":{"self":[{"href":"https:\/\/www.3p-gmbh.de\/es\/wp-json\/wp\/v2\/product\/91084","targetHints":{"allow":["GET"]}}],"collection":[{"href":"https:\/\/www.3p-gmbh.de\/es\/wp-json\/wp\/v2\/product"}],"about":[{"href":"https:\/\/www.3p-gmbh.de\/es\/wp-json\/wp\/v2\/types\/product"}],"wp:featuredmedia":[{"embeddable":true,"href":"https:\/\/www.3p-gmbh.de\/es\/wp-json\/wp\/v2\/media\/75241"}],"wp:attachment":[{"href":"https:\/\/www.3p-gmbh.de\/es\/wp-json\/wp\/v2\/media?parent=91084"}],"wp:term":[{"taxonomy":"product_brand","embeddable":true,"href":"https:\/\/www.3p-gmbh.de\/es\/wp-json\/wp\/v2\/product_brand?post=91084"},{"taxonomy":"product_cat","embeddable":true,"href":"https:\/\/www.3p-gmbh.de\/es\/wp-json\/wp\/v2\/product_cat?post=91084"},{"taxonomy":"product_tag","embeddable":true,"href":"https:\/\/www.3p-gmbh.de\/es\/wp-json\/wp\/v2\/product_tag?post=91084"}],"curies":[{"name":"wp","href":"https:\/\/api.w.org\/{rel}","templated":true}]}}