{"id":91072,"date":"2019-11-18T15:26:35","date_gmt":"2019-11-18T15:26:35","guid":{"rendered":"https:\/\/www.3p-gmbh.de\/produkt\/perfecta-132-cortadora-tvc-con-elevador\/"},"modified":"2019-11-18T15:26:35","modified_gmt":"2019-11-18T15:26:35","slug":"perfecta-132-tvc-cortadora-con-elevador","status":"publish","type":"product","link":"https:\/\/www.3p-gmbh.de\/es\/produkt\/perfecta-132-tvc-cortadora-con-elevador\/","title":{"rendered":"Perfecta 132 Cortadora TVC con elevador"},"content":{"rendered":"<ul>\n<li>Cortadora 132 TVC con elevador SHR 12 P (lado derecho)<\/li>\n<li>Anchura de trabajo 132 cm<\/li>\n<li>Programaci\u00f3n con pantalla t\u00e1ctil en color<\/li>\n<li>mesa de aire cromada y mesa lateral con ventilaci\u00f3n en el lado izquierdo<\/li>\n<li>2 cuchillos<br \/>\nPrograma con monitor t\u00e1ctil en color<br \/>\nAirtable cromado y sideairtable lado izquierdo<br \/>\n2 cuchillos<\/li>\n<li>Elevador de palets, ajuste de altura preciso con fotoc\u00e9lula<\/li>\n<\/ul>\n<p><iframe loading=\"lazy\" title=\"Perfecta 132 TVC age 2003\" width=\"980\" height=\"551\" src=\"https:\/\/www.youtube.com\/embed\/cEQFUaqUOxs?feature=oembed\" frameborder=\"0\" allow=\"accelerometer; autoplay; clipboard-write; encrypted-media; gyroscope; picture-in-picture; web-share\" allowfullscreen><\/iframe><\/p>\n","protected":false},"excerpt":{"rendered":"<p>Cortadora 132 TVC con elevador SHR 12 P (lado derecho) Anchura de trabajo 132 cm Programaci\u00f3n con pantalla t\u00e1ctil en color mesa de aire cromada y mesa lateral con ventilaci\u00f3n en el lado izquierdo 2 cuchillos Programa con monitor t\u00e1ctil en color Airtable cromado y sideairtable lado izquierdo 2 cuchillos Elevador de palets, ajuste de [&hellip;]<\/p>\n","protected":false},"featured_media":75295,"template":"","meta":[],"product_brand":[],"product_cat":[3018],"product_tag":[],"class_list":{"0":"post-91072","1":"product","2":"type-product","3":"status-publish","4":"has-post-thumbnail","6":"product_cat-maquinas-de-corte-es","7":"pa_bezeichnung_typ-perfecta-132","8":"pa_hersteller-perfecta","10":"first","11":"instock","12":"taxable","13":"shipping-taxable","14":"purchasable","15":"product-type-simple"},"jetpack_sharing_enabled":true,"_links":{"self":[{"href":"https:\/\/www.3p-gmbh.de\/es\/wp-json\/wp\/v2\/product\/91072","targetHints":{"allow":["GET"]}}],"collection":[{"href":"https:\/\/www.3p-gmbh.de\/es\/wp-json\/wp\/v2\/product"}],"about":[{"href":"https:\/\/www.3p-gmbh.de\/es\/wp-json\/wp\/v2\/types\/product"}],"wp:featuredmedia":[{"embeddable":true,"href":"https:\/\/www.3p-gmbh.de\/es\/wp-json\/wp\/v2\/media\/75295"}],"wp:attachment":[{"href":"https:\/\/www.3p-gmbh.de\/es\/wp-json\/wp\/v2\/media?parent=91072"}],"wp:term":[{"taxonomy":"product_brand","embeddable":true,"href":"https:\/\/www.3p-gmbh.de\/es\/wp-json\/wp\/v2\/product_brand?post=91072"},{"taxonomy":"product_cat","embeddable":true,"href":"https:\/\/www.3p-gmbh.de\/es\/wp-json\/wp\/v2\/product_cat?post=91072"},{"taxonomy":"product_tag","embeddable":true,"href":"https:\/\/www.3p-gmbh.de\/es\/wp-json\/wp\/v2\/product_tag?post=91072"}],"curies":[{"name":"wp","href":"https:\/\/api.w.org\/{rel}","templated":true}]}}