{"id":91069,"date":"2019-11-21T14:29:57","date_gmt":"2019-11-21T14:29:57","guid":{"rendered":"https:\/\/www.3p-gmbh.de\/produkt\/punzonadora-universal-traenklein-usm\/"},"modified":"2019-11-21T14:29:57","modified_gmt":"2019-11-21T14:29:57","slug":"traenklein-usm-universal-punching-machine","status":"publish","type":"product","link":"https:\/\/www.3p-gmbh.de\/es\/produkt\/traenklein-usm-universal-punching-machine\/","title":{"rendered":"Punzonadora universal Tr\u00e4nklein USM"},"content":{"rendered":"<p>con una herramienta para corte de registro 45\u00b0, longitud de la hoja 40 cm<\/p>\n<p>es adecuado para perforar papel, cart\u00f3n, pl\u00e1stico, etc.<br \/>\nPuede equiparse con numerosas herramientas de punzonado f\u00e1cilmente intercambiables para una amplia variedad de trabajos de punzonado.<br \/>\nLa construcci\u00f3n de la punzonadora consta de tres partes principales: Bastidor base, carro portaherramientas y mesa de apoyo.<br \/>\nEl elevador se libera mediante un interruptor de pedal el\u00e9ctrico (o autom\u00e1ticamente),<br \/>\nla altura de carrera de la m\u00e1quina es ajustable en funci\u00f3n de la forma de la herramienta y del material de punzonado.<br \/>\nLos residuos producidos durante el punzonado caen por el lateral a trav\u00e9s de dos tolvas y pueden recogerse en contenedores.<\/p>\n<p>+Para perforar papel, cart\u00f3n y pl\u00e1stico con cuchilla superior e inferior<br \/>\n+equipo el\u00e9ctrico: motorreductor con freno 400 voltios, 3 fases, 50 Hz, 1,5 kW<br \/>\n+Altura de apilado m\u00e1x. 80 mm<br \/>\n+Carrera m\u00e1x. 100 mm<br \/>\n+Tama\u00f1o de la mesa 900 x 480 mm<br \/>\n+Necesidad de espacio 100 x 95 x 140 cm<br \/>\n+peso neto 350 kg<\/p>\n","protected":false},"excerpt":{"rendered":"<p>con una herramienta para corte de registro 45\u00b0, longitud de la hoja 40 cm es adecuado para perforar papel, cart\u00f3n, pl\u00e1stico, etc. Puede equiparse con numerosas herramientas de punzonado f\u00e1cilmente intercambiables para una amplia variedad de trabajos de punzonado. La construcci\u00f3n de la punzonadora consta de tres partes principales: Bastidor base, carro portaherramientas y mesa [&hellip;]<\/p>\n","protected":false},"featured_media":75538,"template":"","meta":[],"product_brand":[],"product_cat":[2910],"product_tag":[],"class_list":{"0":"post-91069","1":"product","2":"type-product","3":"status-publish","4":"has-post-thumbnail","6":"product_cat-perforacion","7":"pa_hersteller-karl-traenklein","8":"pa_typ-usm","10":"first","11":"instock","12":"taxable","13":"shipping-taxable","14":"purchasable","15":"product-type-simple"},"jetpack_sharing_enabled":true,"_links":{"self":[{"href":"https:\/\/www.3p-gmbh.de\/es\/wp-json\/wp\/v2\/product\/91069","targetHints":{"allow":["GET"]}}],"collection":[{"href":"https:\/\/www.3p-gmbh.de\/es\/wp-json\/wp\/v2\/product"}],"about":[{"href":"https:\/\/www.3p-gmbh.de\/es\/wp-json\/wp\/v2\/types\/product"}],"wp:featuredmedia":[{"embeddable":true,"href":"https:\/\/www.3p-gmbh.de\/es\/wp-json\/wp\/v2\/media\/75538"}],"wp:attachment":[{"href":"https:\/\/www.3p-gmbh.de\/es\/wp-json\/wp\/v2\/media?parent=91069"}],"wp:term":[{"taxonomy":"product_brand","embeddable":true,"href":"https:\/\/www.3p-gmbh.de\/es\/wp-json\/wp\/v2\/product_brand?post=91069"},{"taxonomy":"product_cat","embeddable":true,"href":"https:\/\/www.3p-gmbh.de\/es\/wp-json\/wp\/v2\/product_cat?post=91069"},{"taxonomy":"product_tag","embeddable":true,"href":"https:\/\/www.3p-gmbh.de\/es\/wp-json\/wp\/v2\/product_tag?post=91069"}],"curies":[{"name":"wp","href":"https:\/\/api.w.org\/{rel}","templated":true}]}}