{"id":91056,"date":"2019-11-21T15:46:44","date_gmt":"2019-11-21T15:46:44","guid":{"rendered":"https:\/\/www.3p-gmbh.de\/produkt\/schneider-senator-115-h-modelo-tc-cortadora-de-alta-velocidad\/"},"modified":"2019-11-21T15:46:44","modified_gmt":"2019-11-21T15:46:44","slug":"cutter-senator-115-h-modelo-tc-quick-cutter","status":"publish","type":"product","link":"https:\/\/www.3p-gmbh.de\/es\/produkt\/cutter-senator-115-h-modelo-tc-quick-cutter\/","title":{"rendered":"SCHNEIDER SENATOR 115 H Modelo TC Cortadora de alta velocidad"},"content":{"rendered":"<p>con control de pantalla t\u00e1ctil en color TFT,<br \/>\nLector de tarjetas flash<br \/>\nTope trasero controlado por frecuencia,<br \/>\nTornillo de bolas,<br \/>\nBarreras protectoras de infrarrojos<br \/>\nPerno de seguridad<br \/>\nCama de corte neum\u00e1tica de acero inoxidable, mesa lateral neum\u00e1tica izquierda,<br \/>\nvisor \u00f3ptico seccional<\/p>\n","protected":false},"excerpt":{"rendered":"<p>con control de pantalla t\u00e1ctil en color TFT, Lector de tarjetas flash Tope trasero controlado por frecuencia, Tornillo de bolas, Barreras protectoras de infrarrojos Perno de seguridad Cama de corte neum\u00e1tica de acero inoxidable, mesa lateral neum\u00e1tica izquierda, visor \u00f3ptico seccional<\/p>\n","protected":false},"featured_media":75550,"template":"","meta":[],"product_brand":[],"product_cat":[3018],"product_tag":[],"class_list":{"0":"post-91056","1":"product","2":"type-product","3":"status-publish","4":"has-post-thumbnail","6":"product_cat-maquinas-de-corte-es","7":"pa_hersteller-schneider-senator","8":"pa_typ-115-h-model-tc","10":"first","11":"instock","12":"taxable","13":"shipping-taxable","14":"purchasable","15":"product-type-simple"},"jetpack_sharing_enabled":true,"_links":{"self":[{"href":"https:\/\/www.3p-gmbh.de\/es\/wp-json\/wp\/v2\/product\/91056","targetHints":{"allow":["GET"]}}],"collection":[{"href":"https:\/\/www.3p-gmbh.de\/es\/wp-json\/wp\/v2\/product"}],"about":[{"href":"https:\/\/www.3p-gmbh.de\/es\/wp-json\/wp\/v2\/types\/product"}],"wp:featuredmedia":[{"embeddable":true,"href":"https:\/\/www.3p-gmbh.de\/es\/wp-json\/wp\/v2\/media\/75550"}],"wp:attachment":[{"href":"https:\/\/www.3p-gmbh.de\/es\/wp-json\/wp\/v2\/media?parent=91056"}],"wp:term":[{"taxonomy":"product_brand","embeddable":true,"href":"https:\/\/www.3p-gmbh.de\/es\/wp-json\/wp\/v2\/product_brand?post=91056"},{"taxonomy":"product_cat","embeddable":true,"href":"https:\/\/www.3p-gmbh.de\/es\/wp-json\/wp\/v2\/product_cat?post=91056"},{"taxonomy":"product_tag","embeddable":true,"href":"https:\/\/www.3p-gmbh.de\/es\/wp-json\/wp\/v2\/product_tag?post=91056"}],"curies":[{"name":"wp","href":"https:\/\/api.w.org\/{rel}","templated":true}]}}