{"id":91051,"date":"2019-11-22T09:13:47","date_gmt":"2019-11-22T09:13:47","guid":{"rendered":"https:\/\/www.3p-gmbh.de\/produkt\/volteadora-y-dobladora-de-carton-pesado-krause-ranuradora-de-carton\/"},"modified":"2019-11-22T09:13:47","modified_gmt":"2019-11-22T09:13:47","slug":"crimpadora-dobladora-apretadora-de-cartones","status":"publish","type":"product","link":"https:\/\/www.3p-gmbh.de\/es\/produkt\/crimpadora-dobladora-apretadora-de-cartones\/","title":{"rendered":"Volteadora y dobladora de cart\u00f3n pesado Krause Ranuradora de cart\u00f3n"},"content":{"rendered":"<p>Adecuada para ranurar cart\u00f3n de hasta 900 g\/m2 y cart\u00f3n mixto<br \/>\nAnchura de trabajo aprox.60cm<br \/>\ncon mordazas ajustables<br \/>\ncon contrapresi\u00f3n giratoria en 4 potencias<br \/>\ndiferentes trazos<\/p>\n","protected":false},"excerpt":{"rendered":"<p>Adecuada para ranurar cart\u00f3n de hasta 900 g\/m2 y cart\u00f3n mixto Anchura de trabajo aprox.60cm con mordazas ajustables con contrapresi\u00f3n giratoria en 4 potencias diferentes trazos<\/p>\n","protected":false},"featured_media":75586,"template":"","meta":[],"product_brand":[],"product_cat":[2959],"product_tag":[],"class_list":{"0":"post-91051","1":"product","2":"type-product","3":"status-publish","4":"has-post-thumbnail","6":"product_cat-maquinas-ranuradoras-y-perforadoras","7":"pa_hersteller-krause","9":"first","10":"instock","11":"taxable","12":"shipping-taxable","13":"purchasable","14":"product-type-simple"},"jetpack_sharing_enabled":true,"_links":{"self":[{"href":"https:\/\/www.3p-gmbh.de\/es\/wp-json\/wp\/v2\/product\/91051","targetHints":{"allow":["GET"]}}],"collection":[{"href":"https:\/\/www.3p-gmbh.de\/es\/wp-json\/wp\/v2\/product"}],"about":[{"href":"https:\/\/www.3p-gmbh.de\/es\/wp-json\/wp\/v2\/types\/product"}],"wp:featuredmedia":[{"embeddable":true,"href":"https:\/\/www.3p-gmbh.de\/es\/wp-json\/wp\/v2\/media\/75586"}],"wp:attachment":[{"href":"https:\/\/www.3p-gmbh.de\/es\/wp-json\/wp\/v2\/media?parent=91051"}],"wp:term":[{"taxonomy":"product_brand","embeddable":true,"href":"https:\/\/www.3p-gmbh.de\/es\/wp-json\/wp\/v2\/product_brand?post=91051"},{"taxonomy":"product_cat","embeddable":true,"href":"https:\/\/www.3p-gmbh.de\/es\/wp-json\/wp\/v2\/product_cat?post=91051"},{"taxonomy":"product_tag","embeddable":true,"href":"https:\/\/www.3p-gmbh.de\/es\/wp-json\/wp\/v2\/product_tag?post=91051"}],"curies":[{"name":"wp","href":"https:\/\/api.w.org\/{rel}","templated":true}]}}