{"id":91044,"date":"2019-11-22T09:20:46","date_gmt":"2019-11-22T09:20:46","guid":{"rendered":"https:\/\/www.3p-gmbh.de\/produkt\/adast-grafopress-excelente-gpc\/"},"modified":"2019-11-22T09:20:46","modified_gmt":"2019-11-22T09:20:46","slug":"adast-grafopress-excellent-gpc","status":"publish","type":"product","link":"https:\/\/www.3p-gmbh.de\/es\/produkt\/adast-grafopress-excellent-gpc\/","title":{"rendered":"Adast \u00abGrafopress\u00bb excelente GPC"},"content":{"rendered":"<p>Bien cultural M\u00e1quina de impresi\u00f3n de platina<br \/>\nCondici\u00f3n superior<\/p>\n","protected":false},"excerpt":{"rendered":"<p>Bien cultural M\u00e1quina de impresi\u00f3n de platina Condici\u00f3n superior<\/p>\n","protected":false},"featured_media":75589,"template":"","meta":[],"product_brand":[],"product_cat":[2880],"product_tag":[],"class_list":{"0":"post-91044","1":"product","2":"type-product","3":"status-publish","4":"has-post-thumbnail","6":"product_cat-tipografia","7":"pa_hersteller-adast","8":"pa_typ-gpc","10":"first","11":"instock","12":"taxable","13":"shipping-taxable","14":"purchasable","15":"product-type-simple"},"jetpack_sharing_enabled":true,"_links":{"self":[{"href":"https:\/\/www.3p-gmbh.de\/es\/wp-json\/wp\/v2\/product\/91044","targetHints":{"allow":["GET"]}}],"collection":[{"href":"https:\/\/www.3p-gmbh.de\/es\/wp-json\/wp\/v2\/product"}],"about":[{"href":"https:\/\/www.3p-gmbh.de\/es\/wp-json\/wp\/v2\/types\/product"}],"wp:featuredmedia":[{"embeddable":true,"href":"https:\/\/www.3p-gmbh.de\/es\/wp-json\/wp\/v2\/media\/75589"}],"wp:attachment":[{"href":"https:\/\/www.3p-gmbh.de\/es\/wp-json\/wp\/v2\/media?parent=91044"}],"wp:term":[{"taxonomy":"product_brand","embeddable":true,"href":"https:\/\/www.3p-gmbh.de\/es\/wp-json\/wp\/v2\/product_brand?post=91044"},{"taxonomy":"product_cat","embeddable":true,"href":"https:\/\/www.3p-gmbh.de\/es\/wp-json\/wp\/v2\/product_cat?post=91044"},{"taxonomy":"product_tag","embeddable":true,"href":"https:\/\/www.3p-gmbh.de\/es\/wp-json\/wp\/v2\/product_tag?post=91044"}],"curies":[{"name":"wp","href":"https:\/\/api.w.org\/{rel}","templated":true}]}}