{"id":91028,"date":"2019-11-22T09:37:13","date_gmt":"2019-11-22T09:37:13","guid":{"rendered":"https:\/\/www.3p-gmbh.de\/produkt\/prensa-plegadora-de-baja-presion-fnp-de-klein-soehne-fuld\/"},"modified":"2019-11-22T09:37:13","modified_gmt":"2019-11-22T09:37:13","slug":"prensa-plegadora-de-baja-presion-fnp-von-klein-soehne-fuld","status":"publish","type":"product","link":"https:\/\/www.3p-gmbh.de\/es\/produkt\/prensa-plegadora-de-baja-presion-fnp-von-klein-soehne-fuld\/","title":{"rendered":"Prensa plegadora de baja presi\u00f3n FNP de Klein &amp; S\u00f6hne Fuld"},"content":{"rendered":"<p>Prensa hidr\u00e1ulica pesada plegable de baja presi\u00f3n (antigua pero no recortable)<br \/>\nLimpieza y revisi\u00f3n del taller en el momento de la entrega<\/p>\n<p>&nbsp;<\/p>\n","protected":false},"excerpt":{"rendered":"<p>Prensa hidr\u00e1ulica pesada plegable de baja presi\u00f3n (antigua pero no recortable) Limpieza y revisi\u00f3n del taller en el momento de la entrega &nbsp;<\/p>\n","protected":false},"featured_media":75601,"template":"","meta":[],"product_brand":[],"product_cat":[2894],"product_tag":[],"class_list":{"0":"post-91028","1":"product","2":"type-product","3":"status-publish","4":"has-post-thumbnail","6":"product_cat-surtido-encuadernacion","7":"pa_hersteller-klein-soehne-fuld","8":"pa_typ-fnp","10":"first","11":"instock","12":"taxable","13":"shipping-taxable","14":"purchasable","15":"product-type-simple"},"jetpack_sharing_enabled":true,"_links":{"self":[{"href":"https:\/\/www.3p-gmbh.de\/es\/wp-json\/wp\/v2\/product\/91028","targetHints":{"allow":["GET"]}}],"collection":[{"href":"https:\/\/www.3p-gmbh.de\/es\/wp-json\/wp\/v2\/product"}],"about":[{"href":"https:\/\/www.3p-gmbh.de\/es\/wp-json\/wp\/v2\/types\/product"}],"wp:featuredmedia":[{"embeddable":true,"href":"https:\/\/www.3p-gmbh.de\/es\/wp-json\/wp\/v2\/media\/75601"}],"wp:attachment":[{"href":"https:\/\/www.3p-gmbh.de\/es\/wp-json\/wp\/v2\/media?parent=91028"}],"wp:term":[{"taxonomy":"product_brand","embeddable":true,"href":"https:\/\/www.3p-gmbh.de\/es\/wp-json\/wp\/v2\/product_brand?post=91028"},{"taxonomy":"product_cat","embeddable":true,"href":"https:\/\/www.3p-gmbh.de\/es\/wp-json\/wp\/v2\/product_cat?post=91028"},{"taxonomy":"product_tag","embeddable":true,"href":"https:\/\/www.3p-gmbh.de\/es\/wp-json\/wp\/v2\/product_tag?post=91028"}],"curies":[{"name":"wp","href":"https:\/\/api.w.org\/{rel}","templated":true}]}}