{"id":91024,"date":"2019-11-25T14:26:14","date_gmt":"2019-11-25T14:26:14","guid":{"rendered":"https:\/\/www.3p-gmbh.de\/produkt\/espectrometro-de-barrido-rs-800-con-software-techkon-expresso-pro\/"},"modified":"2019-11-25T14:26:14","modified_gmt":"2019-11-25T14:26:14","slug":"scan-spectrometer-rs-800-with-techkon-expresso-pro-software","status":"publish","type":"product","link":"https:\/\/www.3p-gmbh.de\/es\/produkt\/scan-spectrometer-rs-800-with-techkon-expresso-pro-software\/","title":{"rendered":"Espectr\u00f3metro de barrido RS 800 con software Techkon ExPresso Pro"},"content":{"rendered":"<p>El compacto espectr\u00f3metro de barrido RS 800 revoluciona la medici\u00f3n autom\u00e1tica de densidades y ganancias de punto en cualquier tira de control de impresi\u00f3n, cu\u00f1a escalonada o gr\u00e1fico de prueba.<br \/>\nEl manejo es un juego de ni\u00f1os: el aparato de medici\u00f3n se adapta perfectamente a la mano.<br \/>\nSe pasa en\u00e9rgicamente sobre la tira de control de presi\u00f3n. Los distintos campos de medici\u00f3n y su posici\u00f3n en la banda de control se reconocen autom\u00e1ticamente. Los rodillos gu\u00eda de la base de la unidad garantizan una marcha recta segura. En las hojas impresas en gran formato, el dispositivo de medici\u00f3n se desplaza a lo largo de un carril gu\u00eda.<\/p>\n<p>El espectr\u00f3metro de barrido RS 800, que trabaja sobre una base espectral, muestra sus puntos fuertes sobre todo en la medici\u00f3n de colores planos. El aparato tambi\u00e9n puede utilizarse como un dispositivo de medici\u00f3n manual convencional: Basta con colocarlo sobre el campo de color, pulsar el bot\u00f3n de medici\u00f3n y \u00a1listo! Medir planchas de impresi\u00f3n es igual de f\u00e1cil.<br \/>\nEl paquete de software TECHKON ExPresso Pro est\u00e1 dise\u00f1ado para la impresi\u00f3n de colores directos con hasta ocho colores y, por tanto, puede utilizarse junto con el espectr\u00f3metro de escaneado RS 800.<br \/>\nEl accionamiento lineal motorizado LT ofrece una mayor comodidad.<br \/>\nEl usuario se libera de mover el contador manualmente.<\/p>\n<p>Geometr\u00eda de medici\u00f3n: \u00f3ptica 0\/45\u00b0 \/ DIN 5033<br \/>\nPlaca de orificio: 3 x 1,5 mm<br \/>\nLuz de medici\u00f3n: l\u00e1mpara incandescente de gas, iluminante A<br \/>\nFiltro de polarizaci\u00f3n: doble lineal cruzado<br \/>\nVelocidad de escaneado m\u00e1x. 150 mm\/s<br \/>\nAnchura m\u00ednima del campo de medici\u00f3n: 3 mm<br \/>\nNorma de densidad: DIN 16536<br \/>\nRango de medici\u00f3n: 0,00 D &#8211; 2,50 D<br \/>\nReproducibilidad: +- 0,001 D<br \/>\nFuente de alimentaci\u00f3n Fuente de alimentaci\u00f3n: 110 &#8211; 240 V, 47 &#8211; 63 Hz,<br \/>\nInterfaz: serie RS 232, 115 kBaudios<\/p>\n<p>Incluido en la oferta:<br \/>\nLT 102 cm<br \/>\nTechkon ExPresso Pro Software con Dongle<\/p>\n","protected":false},"excerpt":{"rendered":"<p>El compacto espectr\u00f3metro de barrido RS 800 revoluciona la medici\u00f3n autom\u00e1tica de densidades y ganancias de punto en cualquier tira de control de impresi\u00f3n, cu\u00f1a escalonada o gr\u00e1fico de prueba. El manejo es un juego de ni\u00f1os: el aparato de medici\u00f3n se adapta perfectamente a la mano. Se pasa en\u00e9rgicamente sobre la tira de control [&hellip;]<\/p>\n","protected":false},"featured_media":75721,"template":"","meta":[],"product_brand":[],"product_cat":[2933],"product_tag":[],"class_list":{"0":"post-91024","1":"product","2":"type-product","3":"status-publish","4":"has-post-thumbnail","6":"product_cat-instrumentos-de-medida-y-control-de-calidad","7":"pa_hersteller-techkon","8":"pa_typ-rs-800","10":"first","11":"instock","12":"taxable","13":"shipping-taxable","14":"purchasable","15":"product-type-simple"},"jetpack_sharing_enabled":true,"_links":{"self":[{"href":"https:\/\/www.3p-gmbh.de\/es\/wp-json\/wp\/v2\/product\/91024","targetHints":{"allow":["GET"]}}],"collection":[{"href":"https:\/\/www.3p-gmbh.de\/es\/wp-json\/wp\/v2\/product"}],"about":[{"href":"https:\/\/www.3p-gmbh.de\/es\/wp-json\/wp\/v2\/types\/product"}],"wp:featuredmedia":[{"embeddable":true,"href":"https:\/\/www.3p-gmbh.de\/es\/wp-json\/wp\/v2\/media\/75721"}],"wp:attachment":[{"href":"https:\/\/www.3p-gmbh.de\/es\/wp-json\/wp\/v2\/media?parent=91024"}],"wp:term":[{"taxonomy":"product_brand","embeddable":true,"href":"https:\/\/www.3p-gmbh.de\/es\/wp-json\/wp\/v2\/product_brand?post=91024"},{"taxonomy":"product_cat","embeddable":true,"href":"https:\/\/www.3p-gmbh.de\/es\/wp-json\/wp\/v2\/product_cat?post=91024"},{"taxonomy":"product_tag","embeddable":true,"href":"https:\/\/www.3p-gmbh.de\/es\/wp-json\/wp\/v2\/product_tag?post=91024"}],"curies":[{"name":"wp","href":"https:\/\/api.w.org\/{rel}","templated":true}]}}