{"id":91015,"date":"2019-11-26T08:46:35","date_gmt":"2019-11-26T08:46:35","guid":{"rendered":"https:\/\/www.3p-gmbh.de\/produkt\/mezclador-de-pintura-grimm\/"},"modified":"2023-12-21T14:29:01","modified_gmt":"2023-12-21T14:29:01","slug":"mezclador-de-pintura-grimm","status":"publish","type":"product","link":"https:\/\/www.3p-gmbh.de\/es\/produkt\/mezclador-de-pintura-grimm\/","title":{"rendered":"Mezclador de pintura Grimm"},"content":{"rendered":"<p><strong>Mezclador de pintura Grimm<\/strong><br \/>\n<em><strong>como Busch FM 12<\/strong><\/em><\/p>\n<p>con 3 recipientes de mezcla<br \/>\ncon dos brazos mezcladores<br \/>\ncon brazo mezclador articulado para una mezcla r\u00e1pida e intensiva de las tintas de impresi\u00f3n<br \/>\nEl efecto de mezcla a fondo se consigue mediante el brazo mezclador con un recipiente de pintura que gira simult\u00e1neamente.<br \/>\n&#8211; sin burbujas y sin grumos.<\/p>\n<p>Capacidad 2 &#8211; to. aprox. 12 kg<br \/>\nCorriente de alimentaci\u00f3n, consumo 0,37 kW<\/p>\n","protected":false},"excerpt":{"rendered":"<p>Mezclador de pintura Grimm como Busch FM 12 con 3 recipientes de mezcla con dos brazos mezcladores con brazo mezclador articulado para una mezcla r\u00e1pida e intensiva de las tintas de impresi\u00f3n El efecto de mezcla a fondo se consigue mediante el brazo mezclador con un recipiente de pintura que gira simult\u00e1neamente. &#8211; sin burbujas [&hellip;]<\/p>\n","protected":false},"featured_media":95268,"template":"","meta":[],"product_brand":[],"product_cat":[2899],"product_tag":[],"class_list":{"0":"post-91015","1":"product","2":"type-product","3":"status-publish","4":"has-post-thumbnail","6":"product_cat-accesorios-y-piezas-de-recambio-para-prensas","7":"pa_hersteller-grimm","9":"first","10":"instock","11":"taxable","12":"shipping-taxable","13":"purchasable","14":"product-type-simple"},"jetpack_sharing_enabled":true,"_links":{"self":[{"href":"https:\/\/www.3p-gmbh.de\/es\/wp-json\/wp\/v2\/product\/91015","targetHints":{"allow":["GET"]}}],"collection":[{"href":"https:\/\/www.3p-gmbh.de\/es\/wp-json\/wp\/v2\/product"}],"about":[{"href":"https:\/\/www.3p-gmbh.de\/es\/wp-json\/wp\/v2\/types\/product"}],"wp:featuredmedia":[{"embeddable":true,"href":"https:\/\/www.3p-gmbh.de\/es\/wp-json\/wp\/v2\/media\/95268"}],"wp:attachment":[{"href":"https:\/\/www.3p-gmbh.de\/es\/wp-json\/wp\/v2\/media?parent=91015"}],"wp:term":[{"taxonomy":"product_brand","embeddable":true,"href":"https:\/\/www.3p-gmbh.de\/es\/wp-json\/wp\/v2\/product_brand?post=91015"},{"taxonomy":"product_cat","embeddable":true,"href":"https:\/\/www.3p-gmbh.de\/es\/wp-json\/wp\/v2\/product_cat?post=91015"},{"taxonomy":"product_tag","embeddable":true,"href":"https:\/\/www.3p-gmbh.de\/es\/wp-json\/wp\/v2\/product_tag?post=91015"}],"curies":[{"name":"wp","href":"https:\/\/api.w.org\/{rel}","templated":true}]}}