{"id":91011,"date":"2019-11-26T09:59:09","date_gmt":"2019-11-26T09:59:09","guid":{"rendered":"https:\/\/www.3p-gmbh.de\/produkt\/perforacion-longitudinal-para-heidelberg-gto-46-o-heidelberg-gto-52\/"},"modified":"2019-11-26T09:59:09","modified_gmt":"2019-11-26T09:59:09","slug":"longitud-perforacion-para-heidelberg-gto-46-o-heidelberg-gto-52","status":"publish","type":"product","link":"https:\/\/www.3p-gmbh.de\/es\/produkt\/longitud-perforacion-para-heidelberg-gto-46-o-heidelberg-gto-52\/","title":{"rendered":"Perforaci\u00f3n longitudinal para Heidelberg GTO 46 o Heidelberg GTO 52"},"content":{"rendered":"<p>1 Traves\u00eda de sujeci\u00f3n<br \/>\n2 soportes laterales<br \/>\n2 brazos perforadores largos<br \/>\n6 cuchillas perforadoras (varias filas de dientes)<\/p>\n","protected":false},"excerpt":{"rendered":"<p>1 Traves\u00eda de sujeci\u00f3n 2 soportes laterales 2 brazos perforadores largos 6 cuchillas perforadoras (varias filas de dientes)<\/p>\n","protected":false},"featured_media":75751,"template":"","meta":[],"product_brand":[],"product_cat":[2899],"product_tag":[],"class_list":{"0":"post-91011","1":"product","2":"type-product","3":"status-publish","4":"has-post-thumbnail","6":"product_cat-accesorios-y-piezas-de-recambio-para-prensas","7":"pa_hersteller-heidelberger-druckmaschinen","8":"pa_typ-laengsperforation-fuer-heidelberg-gto","10":"first","11":"instock","12":"taxable","13":"shipping-taxable","14":"purchasable","15":"product-type-simple"},"jetpack_sharing_enabled":true,"_links":{"self":[{"href":"https:\/\/www.3p-gmbh.de\/es\/wp-json\/wp\/v2\/product\/91011","targetHints":{"allow":["GET"]}}],"collection":[{"href":"https:\/\/www.3p-gmbh.de\/es\/wp-json\/wp\/v2\/product"}],"about":[{"href":"https:\/\/www.3p-gmbh.de\/es\/wp-json\/wp\/v2\/types\/product"}],"wp:featuredmedia":[{"embeddable":true,"href":"https:\/\/www.3p-gmbh.de\/es\/wp-json\/wp\/v2\/media\/75751"}],"wp:attachment":[{"href":"https:\/\/www.3p-gmbh.de\/es\/wp-json\/wp\/v2\/media?parent=91011"}],"wp:term":[{"taxonomy":"product_brand","embeddable":true,"href":"https:\/\/www.3p-gmbh.de\/es\/wp-json\/wp\/v2\/product_brand?post=91011"},{"taxonomy":"product_cat","embeddable":true,"href":"https:\/\/www.3p-gmbh.de\/es\/wp-json\/wp\/v2\/product_cat?post=91011"},{"taxonomy":"product_tag","embeddable":true,"href":"https:\/\/www.3p-gmbh.de\/es\/wp-json\/wp\/v2\/product_tag?post=91011"}],"curies":[{"name":"wp","href":"https:\/\/api.w.org\/{rel}","templated":true}]}}