{"id":91001,"date":"2019-12-03T08:07:34","date_gmt":"2019-12-03T08:07:34","guid":{"rendered":"https:\/\/www.3p-gmbh.de\/produkt\/punzonadora-hidraulica-de-brazo-movil-usm-dvsm-30\/"},"modified":"2019-12-03T08:07:34","modified_gmt":"2019-12-03T08:07:34","slug":"punzonadora-hidraulica-de-brazo-giratorio-usm-dvsm-30","status":"publish","type":"product","link":"https:\/\/www.3p-gmbh.de\/es\/produkt\/punzonadora-hidraulica-de-brazo-giratorio-usm-dvsm-30\/","title":{"rendered":"Punzonadora hidr\u00e1ulica de brazo m\u00f3vil USM DVSM-30"},"content":{"rendered":"<p>para la carga manual de material y herramientas, especialmente adecuada para lotes peque\u00f1os o piezas de dimensiones reducidas.<\/p>\n<p>Capacidad de presi\u00f3n 250 KN<br \/>\nSuperficie de perforaci\u00f3n giratoria aprox. 30 x 50 cm<br \/>\nMesa de apoyo aprox. 45 x 90 cm<br \/>\n380 voltios<\/p>\n","protected":false},"excerpt":{"rendered":"<p>para la carga manual de material y herramientas, especialmente adecuada para lotes peque\u00f1os o piezas de dimensiones reducidas. Capacidad de presi\u00f3n 250 KN Superficie de perforaci\u00f3n giratoria aprox. 30 x 50 cm Mesa de apoyo aprox. 45 x 90 cm 380 voltios<\/p>\n","protected":false},"featured_media":75763,"template":"","meta":[],"product_brand":[],"product_cat":[2910],"product_tag":[],"class_list":{"0":"post-91001","1":"product","2":"type-product","3":"status-publish","4":"has-post-thumbnail","6":"product_cat-perforacion","7":"pa_hersteller-usm","9":"first","10":"instock","11":"taxable","12":"shipping-taxable","13":"purchasable","14":"product-type-simple"},"jetpack_sharing_enabled":true,"_links":{"self":[{"href":"https:\/\/www.3p-gmbh.de\/es\/wp-json\/wp\/v2\/product\/91001","targetHints":{"allow":["GET"]}}],"collection":[{"href":"https:\/\/www.3p-gmbh.de\/es\/wp-json\/wp\/v2\/product"}],"about":[{"href":"https:\/\/www.3p-gmbh.de\/es\/wp-json\/wp\/v2\/types\/product"}],"wp:featuredmedia":[{"embeddable":true,"href":"https:\/\/www.3p-gmbh.de\/es\/wp-json\/wp\/v2\/media\/75763"}],"wp:attachment":[{"href":"https:\/\/www.3p-gmbh.de\/es\/wp-json\/wp\/v2\/media?parent=91001"}],"wp:term":[{"taxonomy":"product_brand","embeddable":true,"href":"https:\/\/www.3p-gmbh.de\/es\/wp-json\/wp\/v2\/product_brand?post=91001"},{"taxonomy":"product_cat","embeddable":true,"href":"https:\/\/www.3p-gmbh.de\/es\/wp-json\/wp\/v2\/product_cat?post=91001"},{"taxonomy":"product_tag","embeddable":true,"href":"https:\/\/www.3p-gmbh.de\/es\/wp-json\/wp\/v2\/product_tag?post=91001"}],"curies":[{"name":"wp","href":"https:\/\/api.w.org\/{rel}","templated":true}]}}