{"id":90997,"date":"2019-12-03T09:31:33","date_gmt":"2019-12-03T09:31:33","guid":{"rendered":"https:\/\/www.3p-gmbh.de\/produkt\/volteadora-de-pila-programable-totalmente-automatica-baumann-bsw-3-1000-aum-aupasys-sujecion-automatica-de-palets\/"},"modified":"2019-12-03T09:31:33","modified_gmt":"2019-12-03T09:31:33","slug":"baumann-bsw-3-1000-aum-aupasys-tornillo-apilador-automatico-programable-con-sujecion-automatica-de-palets","status":"publish","type":"product","link":"https:\/\/www.3p-gmbh.de\/es\/produkt\/baumann-bsw-3-1000-aum-aupasys-tornillo-apilador-automatico-programable-con-sujecion-automatica-de-palets\/","title":{"rendered":"Volteadora de pila programable totalmente autom\u00e1tica Baumann BSW 3-1000 AUM AUPASYS (sujeci\u00f3n autom\u00e1tica de palets)"},"content":{"rendered":"<p>El volteador de pilas AUPASYS en formato 3b ha sido especialmente desarrollado para cumplir los requisitos de utilizaci\u00f3n de palets de sistema con non-stop autom\u00e1tico en el alimentador y la entrega.<\/p>\n<p>-sistema manual de carga y manejo desde la parte delantera<br \/>\n-elecci\u00f3n libre de instalaci\u00f3n (no requiere foso), puede utilizarse para el formato 3B<br \/>\n-stop con sujeci\u00f3n autom\u00e1tica para la paleta del sistema (formato 3B) para facilitar el intercambio de la paleta de transporte con la paleta del sistema antes de iniciar la impresi\u00f3n<br \/>\n-Regla lateral retr\u00e1ctil y extensible para el posicionamiento centrado de la pila en la paleta del sistema.<br \/>\n-sistema de ventilaci\u00f3n reforzado, con cajas de ventilaci\u00f3n (ajustables seg\u00fan el formato)<br \/>\n-Dispositivo de vibraci\u00f3n<\/p>\n<p>Capacidad de carga: 1.000 kg<br \/>\nAltura de apilado incl. Palet de transporte: m\u00e1x. 1.700 mm y m\u00edn. 775 mm Tama\u00f1o m\u00e1ximo del sustrato: 740 x 1040 mm (1060 tambi\u00e9n deber\u00eda ser posible, pero a\u00fan no estaba disponible en 2004)<\/p>\n<p>N\u00ba 800xx<\/p>\n<p>&nbsp;<\/p>\n<p><iframe loading=\"lazy\" title=\"Baumann Aupasys\" width=\"980\" height=\"735\" src=\"https:\/\/www.youtube.com\/embed\/236f6GUjC20?feature=oembed\" frameborder=\"0\" allow=\"accelerometer; autoplay; clipboard-write; encrypted-media; gyroscope; picture-in-picture; web-share\" allowfullscreen><\/iframe><\/p>\n","protected":false},"excerpt":{"rendered":"<p>El volteador de pilas AUPASYS en formato 3b ha sido especialmente desarrollado para cumplir los requisitos de utilizaci\u00f3n de palets de sistema con non-stop autom\u00e1tico en el alimentador y la entrega. -sistema manual de carga y manejo desde la parte delantera -elecci\u00f3n libre de instalaci\u00f3n (no requiere foso), puede utilizarse para el formato 3B -stop [&hellip;]<\/p>\n","protected":false},"featured_media":75802,"template":"","meta":[],"product_brand":[],"product_cat":[2900],"product_tag":[],"class_list":{"0":"post-90997","1":"product","2":"type-product","3":"status-publish","4":"has-post-thumbnail","6":"product_cat-volteador-de-pilas","7":"pa_hersteller-baumann","8":"pa_typ-bsw-3-1000-aum-aupasys","10":"first","11":"instock","12":"taxable","13":"shipping-taxable","14":"purchasable","15":"product-type-simple"},"jetpack_sharing_enabled":true,"_links":{"self":[{"href":"https:\/\/www.3p-gmbh.de\/es\/wp-json\/wp\/v2\/product\/90997","targetHints":{"allow":["GET"]}}],"collection":[{"href":"https:\/\/www.3p-gmbh.de\/es\/wp-json\/wp\/v2\/product"}],"about":[{"href":"https:\/\/www.3p-gmbh.de\/es\/wp-json\/wp\/v2\/types\/product"}],"wp:featuredmedia":[{"embeddable":true,"href":"https:\/\/www.3p-gmbh.de\/es\/wp-json\/wp\/v2\/media\/75802"}],"wp:attachment":[{"href":"https:\/\/www.3p-gmbh.de\/es\/wp-json\/wp\/v2\/media?parent=90997"}],"wp:term":[{"taxonomy":"product_brand","embeddable":true,"href":"https:\/\/www.3p-gmbh.de\/es\/wp-json\/wp\/v2\/product_brand?post=90997"},{"taxonomy":"product_cat","embeddable":true,"href":"https:\/\/www.3p-gmbh.de\/es\/wp-json\/wp\/v2\/product_cat?post=90997"},{"taxonomy":"product_tag","embeddable":true,"href":"https:\/\/www.3p-gmbh.de\/es\/wp-json\/wp\/v2\/product_tag?post=90997"}],"curies":[{"name":"wp","href":"https:\/\/api.w.org\/{rel}","templated":true}]}}