{"id":90978,"date":"2019-12-03T09:40:56","date_gmt":"2019-12-03T09:40:56","guid":{"rendered":"https:\/\/www.3p-gmbh.de\/produkt\/volteadora-de-pilas-baumann-bsw-p\/"},"modified":"2019-12-03T09:40:56","modified_gmt":"2019-12-03T09:40:56","slug":"baumann-bsw-p-stack-turner","status":"publish","type":"product","link":"https:\/\/www.3p-gmbh.de\/es\/produkt\/baumann-bsw-p-stack-turner\/","title":{"rendered":"Volteadora de pilas Baumann BSW-P"},"content":{"rendered":"<p>Dimensiones interiores de la plataforma 850 x 1370 mm<br \/>\nm\u00e1x. Apertura 1345mm<br \/>\nmin. Apertura 620 mm<br \/>\nPeso m\u00e1ximo de apilado 1000 kg<\/p>\n<p>La manipulaci\u00f3n manual de papel, cart\u00f3n o materiales similares requiere tiempo y energ\u00eda, por lo que resulta muy costosa.<br \/>\nCon las volteadoras de pilas, podr\u00e1 realizar este trabajo de forma ergon\u00f3mica y rentable.<\/p>\n","protected":false},"excerpt":{"rendered":"<p>Dimensiones interiores de la plataforma 850 x 1370 mm m\u00e1x. Apertura 1345mm min. Apertura 620 mm Peso m\u00e1ximo de apilado 1000 kg La manipulaci\u00f3n manual de papel, cart\u00f3n o materiales similares requiere tiempo y energ\u00eda, por lo que resulta muy costosa. Con las volteadoras de pilas, podr\u00e1 realizar este trabajo de forma ergon\u00f3mica y rentable.<\/p>\n","protected":false},"featured_media":75829,"template":"","meta":[],"product_brand":[],"product_cat":[2900],"product_tag":[],"class_list":{"0":"post-90978","1":"product","2":"type-product","3":"status-publish","4":"has-post-thumbnail","6":"product_cat-volteador-de-pilas","7":"pa_hersteller-baumann","8":"pa_typ-bsw-p","10":"first","11":"instock","12":"taxable","13":"shipping-taxable","14":"purchasable","15":"product-type-simple"},"jetpack_sharing_enabled":true,"_links":{"self":[{"href":"https:\/\/www.3p-gmbh.de\/es\/wp-json\/wp\/v2\/product\/90978","targetHints":{"allow":["GET"]}}],"collection":[{"href":"https:\/\/www.3p-gmbh.de\/es\/wp-json\/wp\/v2\/product"}],"about":[{"href":"https:\/\/www.3p-gmbh.de\/es\/wp-json\/wp\/v2\/types\/product"}],"wp:featuredmedia":[{"embeddable":true,"href":"https:\/\/www.3p-gmbh.de\/es\/wp-json\/wp\/v2\/media\/75829"}],"wp:attachment":[{"href":"https:\/\/www.3p-gmbh.de\/es\/wp-json\/wp\/v2\/media?parent=90978"}],"wp:term":[{"taxonomy":"product_brand","embeddable":true,"href":"https:\/\/www.3p-gmbh.de\/es\/wp-json\/wp\/v2\/product_brand?post=90978"},{"taxonomy":"product_cat","embeddable":true,"href":"https:\/\/www.3p-gmbh.de\/es\/wp-json\/wp\/v2\/product_cat?post=90978"},{"taxonomy":"product_tag","embeddable":true,"href":"https:\/\/www.3p-gmbh.de\/es\/wp-json\/wp\/v2\/product_tag?post=90978"}],"curies":[{"name":"wp","href":"https:\/\/api.w.org\/{rel}","templated":true}]}}