{"id":90976,"date":"2019-07-11T13:59:08","date_gmt":"2019-07-11T13:59:08","guid":{"rendered":"https:\/\/www.3p-gmbh.de\/produkt\/taladradora-de-papel-de-sobremesa-nagel-citoborma-290-b-de-2-husillos\/"},"modified":"2019-07-11T13:59:08","modified_gmt":"2019-07-11T13:59:08","slug":"taladradora-de-papel-de-mesa-de-2-husillos","status":"publish","type":"product","link":"https:\/\/www.3p-gmbh.de\/es\/produkt\/taladradora-de-papel-de-mesa-de-2-husillos\/","title":{"rendered":"Taladradora de papel de sobremesa Nagel Citoborma 290 B de 2 husillos"},"content":{"rendered":"<p>A\u00f1o de fabricaci\u00f3n 2007<br \/>\nMesa deslizante FlexoDrill<\/p>\n<p>El centrado de papel con tope izquierdo retr\u00e1ctil permite una f\u00e1cil inserci\u00f3n de la pila de papel, distancias de tope individuales o patrones de agujeros est\u00e1ndar seleccionables con una manivela, 6 patrones de agujeros preestablecidos.<\/p>\n<p>Datos t\u00e9cnicos<br \/>\n&#8211; Accionamiento manual de la carrera de perforaci\u00f3n<br \/>\n&#8211; 2 husillos de perforaci\u00f3n<br \/>\n&#8211; Distancia entre brocas 45-160mm fija<br \/>\n&#8211; Altura de perforaci\u00f3n de hasta 6 cm (600 hojas de 80 g\/m\u00b2)<br \/>\n&#8211; Anchura de inserci\u00f3n 470 mm<br \/>\n&#8211; Profundidad de inserci\u00f3n 105 mm<br \/>\n&#8211; Di\u00e1metro de la broca 2 mm &#8211; 20 mm<br \/>\n&#8211; Conexi\u00f3n 230 V &#8211; 0,5 kW \/ 400 V &#8211; 0,5 kW<br \/>\n&#8211; Peso 69 kg<br \/>\n&#8211; Dimensiones en mm (Al x An x Pr) 730 x 640 x 600<\/p>\n","protected":false},"excerpt":{"rendered":"<p>A\u00f1o de fabricaci\u00f3n 2007 Mesa deslizante FlexoDrill El centrado de papel con tope izquierdo retr\u00e1ctil permite una f\u00e1cil inserci\u00f3n de la pila de papel, distancias de tope individuales o patrones de agujeros est\u00e1ndar seleccionables con una manivela, 6 patrones de agujeros preestablecidos. Datos t\u00e9cnicos &#8211; Accionamiento manual de la carrera de perforaci\u00f3n &#8211; 2 husillos [&hellip;]<\/p>\n","protected":false},"featured_media":70579,"template":"","meta":[],"product_brand":[],"product_cat":[2956],"product_tag":[],"class_list":{"0":"post-90976","1":"product","2":"type-product","3":"status-publish","4":"has-post-thumbnail","6":"product_cat-taladros-de-papel","7":"pa_baujahr-140","8":"pa_hersteller-ernst-nagel-hang","9":"pa_typ-citoborma-290-b","11":"first","12":"instock","13":"sold-individually","14":"taxable","15":"shipping-taxable","16":"purchasable","17":"product-type-simple"},"jetpack_sharing_enabled":true,"_links":{"self":[{"href":"https:\/\/www.3p-gmbh.de\/es\/wp-json\/wp\/v2\/product\/90976","targetHints":{"allow":["GET"]}}],"collection":[{"href":"https:\/\/www.3p-gmbh.de\/es\/wp-json\/wp\/v2\/product"}],"about":[{"href":"https:\/\/www.3p-gmbh.de\/es\/wp-json\/wp\/v2\/types\/product"}],"wp:featuredmedia":[{"embeddable":true,"href":"https:\/\/www.3p-gmbh.de\/es\/wp-json\/wp\/v2\/media\/70579"}],"wp:attachment":[{"href":"https:\/\/www.3p-gmbh.de\/es\/wp-json\/wp\/v2\/media?parent=90976"}],"wp:term":[{"taxonomy":"product_brand","embeddable":true,"href":"https:\/\/www.3p-gmbh.de\/es\/wp-json\/wp\/v2\/product_brand?post=90976"},{"taxonomy":"product_cat","embeddable":true,"href":"https:\/\/www.3p-gmbh.de\/es\/wp-json\/wp\/v2\/product_cat?post=90976"},{"taxonomy":"product_tag","embeddable":true,"href":"https:\/\/www.3p-gmbh.de\/es\/wp-json\/wp\/v2\/product_tag?post=90976"}],"curies":[{"name":"wp","href":"https:\/\/api.w.org\/{rel}","templated":true}]}}