{"id":90966,"date":"2019-07-11T13:59:08","date_gmt":"2019-07-11T13:59:08","guid":{"rendered":"https:\/\/www.3p-gmbh.de\/produkt\/engrasadora-automatica-hang-103-lok\/"},"modified":"2019-07-11T13:59:08","modified_gmt":"2019-07-11T13:59:08","slug":"maquina-oes-automatica-2","status":"publish","type":"product","link":"https:\/\/www.3p-gmbh.de\/es\/produkt\/maquina-oes-automatica-2\/","title":{"rendered":"Engrasadora autom\u00e1tica Hang 103-LOK"},"content":{"rendered":"<p>&#8211; La m\u00e1quina est\u00e1 ajustada a una anchura de ojal de 6 mm de di\u00e1metro interior<br \/>\n&#8211; para insertar ojetes en material preperforado como cart\u00f3n, cartulina, pl\u00e1sticos, etc.<br \/>\n-Engrasadora autom\u00e1tica con accionamiento por motor freno sin mantenimiento<br \/>\n-Alimentaci\u00f3n autom\u00e1tica de ojetes a la herramienta superior<br \/>\n-La presi\u00f3n de los ojales se puede ajustar en funci\u00f3n del grosor del material.<\/p>\n","protected":false},"excerpt":{"rendered":"<p>&#8211; La m\u00e1quina est\u00e1 ajustada a una anchura de ojal de 6 mm de di\u00e1metro interior &#8211; para insertar ojetes en material preperforado como cart\u00f3n, cartulina, pl\u00e1sticos, etc. -Engrasadora autom\u00e1tica con accionamiento por motor freno sin mantenimiento -Alimentaci\u00f3n autom\u00e1tica de ojetes a la herramienta superior -La presi\u00f3n de los ojales se puede ajustar en funci\u00f3n [&hellip;]<\/p>\n","protected":false},"featured_media":69817,"template":"","meta":[],"product_brand":[],"product_cat":[3058],"product_tag":[],"class_list":{"0":"post-90966","1":"product","2":"type-product","3":"status-publish","4":"has-post-thumbnail","6":"product_cat-engrasadoras","7":"pa_baujahr-158","8":"pa_hersteller-constantin-hang","9":"pa_typ-103-lok","11":"first","12":"instock","13":"sold-individually","14":"taxable","15":"shipping-taxable","16":"purchasable","17":"product-type-simple"},"jetpack_sharing_enabled":true,"_links":{"self":[{"href":"https:\/\/www.3p-gmbh.de\/es\/wp-json\/wp\/v2\/product\/90966","targetHints":{"allow":["GET"]}}],"collection":[{"href":"https:\/\/www.3p-gmbh.de\/es\/wp-json\/wp\/v2\/product"}],"about":[{"href":"https:\/\/www.3p-gmbh.de\/es\/wp-json\/wp\/v2\/types\/product"}],"wp:featuredmedia":[{"embeddable":true,"href":"https:\/\/www.3p-gmbh.de\/es\/wp-json\/wp\/v2\/media\/69817"}],"wp:attachment":[{"href":"https:\/\/www.3p-gmbh.de\/es\/wp-json\/wp\/v2\/media?parent=90966"}],"wp:term":[{"taxonomy":"product_brand","embeddable":true,"href":"https:\/\/www.3p-gmbh.de\/es\/wp-json\/wp\/v2\/product_brand?post=90966"},{"taxonomy":"product_cat","embeddable":true,"href":"https:\/\/www.3p-gmbh.de\/es\/wp-json\/wp\/v2\/product_cat?post=90966"},{"taxonomy":"product_tag","embeddable":true,"href":"https:\/\/www.3p-gmbh.de\/es\/wp-json\/wp\/v2\/product_tag?post=90966"}],"curies":[{"name":"wp","href":"https:\/\/api.w.org\/{rel}","templated":true}]}}