{"id":90962,"date":"2019-07-11T13:59:21","date_gmt":"2019-07-11T13:59:21","guid":{"rendered":"https:\/\/www.3p-gmbh.de\/produkt\/sistema-de-insercion-pfe-automailer-2\/"},"modified":"2019-07-11T13:59:21","modified_gmt":"2019-07-11T13:59:21","slug":"sistema-de-insercion","status":"publish","type":"product","link":"https:\/\/www.3p-gmbh.de\/es\/produkt\/sistema-de-insercion\/","title":{"rendered":"Sistema de inserci\u00f3n PFE Automailer 2"},"content":{"rendered":"<p>Sistema de encarte para hasta 100.000 cartas al mes<br \/>\ncon 2x IS, OMR, EBD 7210, control por PC y cinta de tejas<\/p>\n<p>Amplias funciones como la recogida de formularios controlable individualmente (recogida selectiva), la clasificaci\u00f3n de los formularios que no se pueden procesar y la recopilaci\u00f3n de correo individual espec\u00edfica para cada destinatario., OMR Lectura<\/p>\n<p>Las funciones individuales y los programas de procesamiento se almacenan en el ordenador conectado, pueden consultarse en cualquier momento y ejecutarse sin intervenci\u00f3n adicional del operario.<\/p>\n<p>Datos t\u00e9cnicos:<br \/>\n&#8211; Tama\u00f1o del sobre: m\u00e1x. 165 mm x 242 mm<br \/>\n&#8211; Tama\u00f1o del sobre: m\u00edn. 102 mm x 165 mm<br \/>\n&#8211; Gramaje del papel: de 70 g\/m2 a 120 g\/m2<br \/>\n&#8211; Tipos de pliegue: medio pliegue, pliegue en espiral, pliegue en Z, doble pliegue paralelo, pliegue en cruz<br \/>\n&#8211; Velocidad de procesamiento: 3500 sobres por hora<\/p>\n","protected":false},"excerpt":{"rendered":"<p>Sistema de encarte para hasta 100.000 cartas al mes con 2x IS, OMR, EBD 7210, control por PC y cinta de tejas Amplias funciones como la recogida de formularios controlable individualmente (recogida selectiva), la clasificaci\u00f3n de los formularios que no se pueden procesar y la recopilaci\u00f3n de correo individual espec\u00edfica para cada destinatario., OMR Lectura [&hellip;]<\/p>\n","protected":false},"featured_media":70630,"template":"","meta":[],"product_brand":[],"product_cat":[2969],"product_tag":[],"class_list":{"0":"post-90962","1":"product","2":"type-product","3":"status-publish","4":"has-post-thumbnail","6":"product_cat-sistemas-de-direccionamiento-e-insercion","7":"pa_baujahr-182","8":"pa_hersteller-pfe","9":"pa_typ-automailer-2","11":"first","12":"instock","13":"sold-individually","14":"taxable","15":"shipping-taxable","16":"purchasable","17":"product-type-simple"},"jetpack_sharing_enabled":true,"_links":{"self":[{"href":"https:\/\/www.3p-gmbh.de\/es\/wp-json\/wp\/v2\/product\/90962","targetHints":{"allow":["GET"]}}],"collection":[{"href":"https:\/\/www.3p-gmbh.de\/es\/wp-json\/wp\/v2\/product"}],"about":[{"href":"https:\/\/www.3p-gmbh.de\/es\/wp-json\/wp\/v2\/types\/product"}],"wp:featuredmedia":[{"embeddable":true,"href":"https:\/\/www.3p-gmbh.de\/es\/wp-json\/wp\/v2\/media\/70630"}],"wp:attachment":[{"href":"https:\/\/www.3p-gmbh.de\/es\/wp-json\/wp\/v2\/media?parent=90962"}],"wp:term":[{"taxonomy":"product_brand","embeddable":true,"href":"https:\/\/www.3p-gmbh.de\/es\/wp-json\/wp\/v2\/product_brand?post=90962"},{"taxonomy":"product_cat","embeddable":true,"href":"https:\/\/www.3p-gmbh.de\/es\/wp-json\/wp\/v2\/product_cat?post=90962"},{"taxonomy":"product_tag","embeddable":true,"href":"https:\/\/www.3p-gmbh.de\/es\/wp-json\/wp\/v2\/product_tag?post=90962"}],"curies":[{"name":"wp","href":"https:\/\/api.w.org\/{rel}","templated":true}]}}