{"id":90958,"date":"2019-07-11T13:59:21","date_gmt":"2019-07-11T13:59:21","guid":{"rendered":"https:\/\/www.3p-gmbh.de\/produkt\/taladradora-de-papel-monohusillo-ernst-nagel-citoborma-110\/"},"modified":"2019-07-11T13:59:21","modified_gmt":"2019-07-11T13:59:21","slug":"taladradora-monohusillo-para-papel","status":"publish","type":"product","link":"https:\/\/www.3p-gmbh.de\/es\/produkt\/taladradora-monohusillo-para-papel\/","title":{"rendered":"Taladradora de papel monohusillo Ernst Nagel Citoborma 110"},"content":{"rendered":"<p>P\u00f3rtico resistente a la torsi\u00f3n para mayor precisi\u00f3n y durabilidad<br \/>\nDesbloqueo manual mediante palanca<br \/>\nAltura de apilado 60 mm<br \/>\nAnchura de inserci\u00f3n 410 mm en mesa fija con tabulador<br \/>\nCompensaci\u00f3n de la longitud de perforaci\u00f3n<br \/>\n1 taladro de cabeza de di\u00e1metro 2-14 mm<br \/>\nSuperficie base aprox. 800 x 580 mm<\/p>\n","protected":false},"excerpt":{"rendered":"<p>P\u00f3rtico resistente a la torsi\u00f3n para mayor precisi\u00f3n y durabilidad Desbloqueo manual mediante palanca Altura de apilado 60 mm Anchura de inserci\u00f3n 410 mm en mesa fija con tabulador Compensaci\u00f3n de la longitud de perforaci\u00f3n 1 taladro de cabeza de di\u00e1metro 2-14 mm Superficie base aprox. 800 x 580 mm<\/p>\n","protected":false},"featured_media":69973,"template":"","meta":[],"product_brand":[],"product_cat":[2956],"product_tag":[],"class_list":{"0":"post-90958","1":"product","2":"type-product","3":"status-publish","4":"has-post-thumbnail","6":"product_cat-taladros-de-papel","7":"pa_hersteller-ernst-nagel","8":"pa_typ-citoborma-110","10":"first","11":"instock","12":"sold-individually","13":"taxable","14":"shipping-taxable","15":"purchasable","16":"product-type-simple"},"jetpack_sharing_enabled":true,"_links":{"self":[{"href":"https:\/\/www.3p-gmbh.de\/es\/wp-json\/wp\/v2\/product\/90958","targetHints":{"allow":["GET"]}}],"collection":[{"href":"https:\/\/www.3p-gmbh.de\/es\/wp-json\/wp\/v2\/product"}],"about":[{"href":"https:\/\/www.3p-gmbh.de\/es\/wp-json\/wp\/v2\/types\/product"}],"wp:featuredmedia":[{"embeddable":true,"href":"https:\/\/www.3p-gmbh.de\/es\/wp-json\/wp\/v2\/media\/69973"}],"wp:attachment":[{"href":"https:\/\/www.3p-gmbh.de\/es\/wp-json\/wp\/v2\/media?parent=90958"}],"wp:term":[{"taxonomy":"product_brand","embeddable":true,"href":"https:\/\/www.3p-gmbh.de\/es\/wp-json\/wp\/v2\/product_brand?post=90958"},{"taxonomy":"product_cat","embeddable":true,"href":"https:\/\/www.3p-gmbh.de\/es\/wp-json\/wp\/v2\/product_cat?post=90958"},{"taxonomy":"product_tag","embeddable":true,"href":"https:\/\/www.3p-gmbh.de\/es\/wp-json\/wp\/v2\/product_tag?post=90958"}],"curies":[{"name":"wp","href":"https:\/\/api.w.org\/{rel}","templated":true}]}}