{"id":90950,"date":"2019-07-11T13:59:21","date_gmt":"2019-07-11T13:59:21","guid":{"rendered":"https:\/\/www.3p-gmbh.de\/produkt\/jogger-automatico-baumann-bsb-3-l\/"},"modified":"2019-07-11T13:59:21","modified_gmt":"2019-07-11T13:59:21","slug":"maquina-expendedora-de-zapatos-2","status":"publish","type":"product","link":"https:\/\/www.3p-gmbh.de\/es\/produkt\/maquina-expendedora-de-zapatos-2\/","title":{"rendered":"Jogger Autom\u00e1tico Baumann BSB 3 L"},"content":{"rendered":"<p>Los papeles problem\u00e1ticos, como papel metalizado, folletos o etiquetas, pueden sacudirse f\u00e1cil y r\u00e1pidamente.<\/p>\n<p>Equipamiento:<br \/>\n&#8211; Prensado sin borde de la capa de corte<br \/>\n&#8211; Superficie de la mesa de aire con una aleta lateral neum\u00e1tica montada a la izquierda (posibilidad de conversi\u00f3n a la derecha)<br \/>\n&#8211; Etapas de prensado con alta presi\u00f3n de prensado, funcionamiento a 2 manos<br \/>\n&#8211; Formato 770 x 1070 mm<br \/>\n&#8211; Max. Altura de la capa 160 mm<\/p>\n","protected":false},"excerpt":{"rendered":"<p>Los papeles problem\u00e1ticos, como papel metalizado, folletos o etiquetas, pueden sacudirse f\u00e1cil y r\u00e1pidamente. Equipamiento: &#8211; Prensado sin borde de la capa de corte &#8211; Superficie de la mesa de aire con una aleta lateral neum\u00e1tica montada a la izquierda (posibilidad de conversi\u00f3n a la derecha) &#8211; Etapas de prensado con alta presi\u00f3n de prensado, [&hellip;]<\/p>\n","protected":false},"featured_media":76549,"template":"","meta":[],"product_brand":[],"product_cat":[3070],"product_tag":[],"class_list":{"0":"post-90950","1":"product","2":"type-product","3":"status-publish","4":"has-post-thumbnail","6":"product_cat-mesas-vibratorias-es","7":"pa_baujahr-127","8":"pa_hersteller-baumann-wohlenberg","9":"pa_typ-bsb-3-l","11":"first","12":"instock","13":"sold-individually","14":"taxable","15":"shipping-taxable","16":"purchasable","17":"product-type-simple"},"jetpack_sharing_enabled":true,"_links":{"self":[{"href":"https:\/\/www.3p-gmbh.de\/es\/wp-json\/wp\/v2\/product\/90950","targetHints":{"allow":["GET"]}}],"collection":[{"href":"https:\/\/www.3p-gmbh.de\/es\/wp-json\/wp\/v2\/product"}],"about":[{"href":"https:\/\/www.3p-gmbh.de\/es\/wp-json\/wp\/v2\/types\/product"}],"wp:featuredmedia":[{"embeddable":true,"href":"https:\/\/www.3p-gmbh.de\/es\/wp-json\/wp\/v2\/media\/76549"}],"wp:attachment":[{"href":"https:\/\/www.3p-gmbh.de\/es\/wp-json\/wp\/v2\/media?parent=90950"}],"wp:term":[{"taxonomy":"product_brand","embeddable":true,"href":"https:\/\/www.3p-gmbh.de\/es\/wp-json\/wp\/v2\/product_brand?post=90950"},{"taxonomy":"product_cat","embeddable":true,"href":"https:\/\/www.3p-gmbh.de\/es\/wp-json\/wp\/v2\/product_cat?post=90950"},{"taxonomy":"product_tag","embeddable":true,"href":"https:\/\/www.3p-gmbh.de\/es\/wp-json\/wp\/v2\/product_tag?post=90950"}],"curies":[{"name":"wp","href":"https:\/\/api.w.org\/{rel}","templated":true}]}}