{"id":90948,"date":"2019-07-11T13:59:21","date_gmt":"2019-07-11T13:59:21","guid":{"rendered":"https:\/\/www.3p-gmbh.de\/produkt\/maquina-contadora-de-papel-vacuumatic-vicount-mk-6\/"},"modified":"2019-07-11T13:59:21","modified_gmt":"2019-07-11T13:59:21","slug":"maquina-apiladora-de-papel-movil-con-str","status":"publish","type":"product","link":"https:\/\/www.3p-gmbh.de\/es\/produkt\/maquina-apiladora-de-papel-movil-con-str\/","title":{"rendered":"M\u00e1quina contadora de papel Vacuumatic Vicount MK 6"},"content":{"rendered":"<p>M\u00e1quina m\u00f3vil contadora de pilas de papel con alimentador de tiras<br \/>\nEspecialmente desarrollado para empresas de transformaci\u00f3n de papel para garantizar un control preciso<br \/>\nel n\u00famero de hojas de papel paletizado (impresas o sin imprimir).<br \/>\nMin. Tama\u00f1o de la hoja: 560&#215;300 mm<br \/>\nMax. Formato de la hoja: paleta m\u00e1s grande disponible en el mercado<br \/>\nAltura de la pila de papel: 1.350 mm incl. Pal\u00e9<br \/>\nAltura m\u00ednima del pal\u00e9: 130 mm<br \/>\nVelocidad de recuento: infinitamente variable hasta 1.500 hojas\/min.<br \/>\nImposici\u00f3n de tiras: 20-999 hojas<br \/>\nGama de materiales: 30-170 g\/m2 en funci\u00f3n de la flexibilidad<br \/>\nConexi\u00f3n el\u00e9ctrica: 230V\/50Hz<\/p>\n","protected":false},"excerpt":{"rendered":"<p>M\u00e1quina m\u00f3vil contadora de pilas de papel con alimentador de tiras Especialmente desarrollado para empresas de transformaci\u00f3n de papel para garantizar un control preciso el n\u00famero de hojas de papel paletizado (impresas o sin imprimir). Min. Tama\u00f1o de la hoja: 560&#215;300 mm Max. Formato de la hoja: paleta m\u00e1s grande disponible en el mercado Altura [&hellip;]<\/p>\n","protected":false},"featured_media":83492,"template":"","meta":[],"product_brand":[],"product_cat":[3005],"product_tag":[],"class_list":{"0":"post-90948","1":"product","2":"type-product","3":"status-publish","4":"has-post-thumbnail","6":"product_cat-maquinas-contadoras-de-papel","7":"pa_baujahr-266","8":"pa_hersteller-vacuumatic-mk-6","9":"pa_typ-vicount-mk-6","11":"first","12":"instock","13":"sold-individually","14":"taxable","15":"shipping-taxable","16":"purchasable","17":"product-type-simple"},"jetpack_sharing_enabled":true,"_links":{"self":[{"href":"https:\/\/www.3p-gmbh.de\/es\/wp-json\/wp\/v2\/product\/90948","targetHints":{"allow":["GET"]}}],"collection":[{"href":"https:\/\/www.3p-gmbh.de\/es\/wp-json\/wp\/v2\/product"}],"about":[{"href":"https:\/\/www.3p-gmbh.de\/es\/wp-json\/wp\/v2\/types\/product"}],"wp:featuredmedia":[{"embeddable":true,"href":"https:\/\/www.3p-gmbh.de\/es\/wp-json\/wp\/v2\/media\/83492"}],"wp:attachment":[{"href":"https:\/\/www.3p-gmbh.de\/es\/wp-json\/wp\/v2\/media?parent=90948"}],"wp:term":[{"taxonomy":"product_brand","embeddable":true,"href":"https:\/\/www.3p-gmbh.de\/es\/wp-json\/wp\/v2\/product_brand?post=90948"},{"taxonomy":"product_cat","embeddable":true,"href":"https:\/\/www.3p-gmbh.de\/es\/wp-json\/wp\/v2\/product_cat?post=90948"},{"taxonomy":"product_tag","embeddable":true,"href":"https:\/\/www.3p-gmbh.de\/es\/wp-json\/wp\/v2\/product_tag?post=90948"}],"curies":[{"name":"wp","href":"https:\/\/api.w.org\/{rel}","templated":true}]}}