{"id":90944,"date":"2019-07-11T13:59:21","date_gmt":"2019-07-11T13:59:21","guid":{"rendered":"https:\/\/www.3p-gmbh.de\/produkt\/hendedora-y-plegadora-de-doble-barra-petratto-cordoba-3d\/"},"modified":"2019-07-11T13:59:21","modified_gmt":"2019-07-11T13:59:21","slug":"maquina-de-ranurar-y-plegar-de-doble-viga","status":"publish","type":"product","link":"https:\/\/www.3p-gmbh.de\/es\/produkt\/maquina-de-ranurar-y-plegar-de-doble-viga\/","title":{"rendered":"Hendedora y plegadora de doble barra Petratto Cordoba 3D"},"content":{"rendered":"<p>con 2 hendidores y bolsillo plegable con ventana<br \/>\nArrugado, pegado, plegado<\/p>\n<p>La hoja se alimenta a trav\u00e9s de un alimentador de pila plana a una alineaci\u00f3n de cinta inclinada y es recogida por rodillos de alimentaci\u00f3n. El inicio de la hoja se detecta mediante una barrera de luz. El hendido positivo y negativo o la perforaci\u00f3n transversal se realizan en una sola pasada mediante la masa introducida en el mando. Para fijar solapas en cubiertas de folletos, ahora se puede aplicar cola mediante una boquilla termofusible (opcional). A continuaci\u00f3n, la hoja se transfiere a una plegadora especial de chapa con hebilla y se pliega por las zonas hendidas. El producto se dispensa en un expositor de cinta de tejas.<\/p>\n<p>Espesor del material de 170 a 500 g\/m\u00b2.<br \/>\nAnchura de hoja de 150 a 520 mm<br \/>\nLongitud de hoja de 200 a 1.200 mm<br \/>\nDistancias de hendido ajustables en pasos de 0,1 mm<br \/>\nProducci\u00f3n efectiva en formato A-4 con un pliegue 12.500 hojas\/hora<\/p>\n","protected":false},"excerpt":{"rendered":"<p>con 2 hendidores y bolsillo plegable con ventana Arrugado, pegado, plegado La hoja se alimenta a trav\u00e9s de un alimentador de pila plana a una alineaci\u00f3n de cinta inclinada y es recogida por rodillos de alimentaci\u00f3n. El inicio de la hoja se detecta mediante una barrera de luz. El hendido positivo y negativo o la [&hellip;]<\/p>\n","protected":false},"featured_media":69931,"template":"","meta":[],"product_brand":[],"product_cat":[2982],"product_tag":[],"class_list":{"0":"post-90944","1":"product","2":"type-product","3":"status-publish","4":"has-post-thumbnail","6":"product_cat-plegadoras","7":"pa_baujahr-452","8":"pa_hersteller-petratto","9":"pa_typ-cordoba-3d","11":"first","12":"instock","13":"sold-individually","14":"taxable","15":"shipping-taxable","16":"purchasable","17":"product-type-simple"},"jetpack_sharing_enabled":true,"_links":{"self":[{"href":"https:\/\/www.3p-gmbh.de\/es\/wp-json\/wp\/v2\/product\/90944","targetHints":{"allow":["GET"]}}],"collection":[{"href":"https:\/\/www.3p-gmbh.de\/es\/wp-json\/wp\/v2\/product"}],"about":[{"href":"https:\/\/www.3p-gmbh.de\/es\/wp-json\/wp\/v2\/types\/product"}],"wp:featuredmedia":[{"embeddable":true,"href":"https:\/\/www.3p-gmbh.de\/es\/wp-json\/wp\/v2\/media\/69931"}],"wp:attachment":[{"href":"https:\/\/www.3p-gmbh.de\/es\/wp-json\/wp\/v2\/media?parent=90944"}],"wp:term":[{"taxonomy":"product_brand","embeddable":true,"href":"https:\/\/www.3p-gmbh.de\/es\/wp-json\/wp\/v2\/product_brand?post=90944"},{"taxonomy":"product_cat","embeddable":true,"href":"https:\/\/www.3p-gmbh.de\/es\/wp-json\/wp\/v2\/product_cat?post=90944"},{"taxonomy":"product_tag","embeddable":true,"href":"https:\/\/www.3p-gmbh.de\/es\/wp-json\/wp\/v2\/product_tag?post=90944"}],"curies":[{"name":"wp","href":"https:\/\/api.w.org\/{rel}","templated":true}]}}