{"id":90940,"date":"2019-07-11T13:59:31","date_gmt":"2019-07-11T13:59:31","guid":{"rendered":"https:\/\/www.3p-gmbh.de\/produkt\/remitente-directo-neopost-rena-608-s\/"},"modified":"2019-07-11T13:59:31","modified_gmt":"2019-07-11T13:59:31","slug":"direccionador-directo","status":"publish","type":"product","link":"https:\/\/www.3p-gmbh.de\/es\/produkt\/direccionador-directo\/","title":{"rendered":"Remitente directo Neopost\/RENA 608 S"},"content":{"rendered":"<p>La direccionadora imprime sobres, peri\u00f3dicos o revistas de forma r\u00e1pida y profesional con datos variables.<br \/>\nCon su cabezal de impresi\u00f3n m\u00f3vil, alcanza una velocidad m\u00e1xima de. \u00c1rea de impresi\u00f3n de 235 mm de altura de impresi\u00f3n y 500 mm de anchura de impresi\u00f3n.<br \/>\nFunciones como la capacidad gr\u00e1fica, la impresi\u00f3n de c\u00f3digos de barras y el uso gratuito de 13 fuentes internas (se pueden cargar m\u00e1s).<br \/>\ny la tecnolog\u00eda de impresi\u00f3n con resoluci\u00f3n de 600 x 600 ppp de HP le garantizan resultados de impresi\u00f3n profesionales.<\/p>\n","protected":false},"excerpt":{"rendered":"<p>La direccionadora imprime sobres, peri\u00f3dicos o revistas de forma r\u00e1pida y profesional con datos variables. Con su cabezal de impresi\u00f3n m\u00f3vil, alcanza una velocidad m\u00e1xima de. \u00c1rea de impresi\u00f3n de 235 mm de altura de impresi\u00f3n y 500 mm de anchura de impresi\u00f3n. Funciones como la capacidad gr\u00e1fica, la impresi\u00f3n de c\u00f3digos de barras y [&hellip;]<\/p>\n","protected":false},"featured_media":70162,"template":"","meta":[],"product_brand":[],"product_cat":[2969],"product_tag":[],"class_list":{"0":"post-90940","1":"product","2":"type-product","3":"status-publish","4":"has-post-thumbnail","6":"product_cat-sistemas-de-direccionamiento-e-insercion","7":"pa_baujahr-140","8":"pa_hersteller-neopost-rena","9":"pa_typ-608-s-mit-transportband-358","11":"first","12":"instock","13":"sold-individually","14":"taxable","15":"shipping-taxable","16":"purchasable","17":"product-type-simple"},"jetpack_sharing_enabled":true,"_links":{"self":[{"href":"https:\/\/www.3p-gmbh.de\/es\/wp-json\/wp\/v2\/product\/90940","targetHints":{"allow":["GET"]}}],"collection":[{"href":"https:\/\/www.3p-gmbh.de\/es\/wp-json\/wp\/v2\/product"}],"about":[{"href":"https:\/\/www.3p-gmbh.de\/es\/wp-json\/wp\/v2\/types\/product"}],"wp:featuredmedia":[{"embeddable":true,"href":"https:\/\/www.3p-gmbh.de\/es\/wp-json\/wp\/v2\/media\/70162"}],"wp:attachment":[{"href":"https:\/\/www.3p-gmbh.de\/es\/wp-json\/wp\/v2\/media?parent=90940"}],"wp:term":[{"taxonomy":"product_brand","embeddable":true,"href":"https:\/\/www.3p-gmbh.de\/es\/wp-json\/wp\/v2\/product_brand?post=90940"},{"taxonomy":"product_cat","embeddable":true,"href":"https:\/\/www.3p-gmbh.de\/es\/wp-json\/wp\/v2\/product_cat?post=90940"},{"taxonomy":"product_tag","embeddable":true,"href":"https:\/\/www.3p-gmbh.de\/es\/wp-json\/wp\/v2\/product_tag?post=90940"}],"curies":[{"name":"wp","href":"https:\/\/api.w.org\/{rel}","templated":true}]}}