{"id":90926,"date":"2019-07-11T13:59:31","date_gmt":"2019-07-11T13:59:31","guid":{"rendered":"https:\/\/www.3p-gmbh.de\/produkt\/grapadora-systemform-m-3000-separador-de-formularios\/"},"modified":"2019-07-11T13:59:31","modified_gmt":"2019-07-11T13:59:31","slug":"fromular-divider","status":"publish","type":"product","link":"https:\/\/www.3p-gmbh.de\/es\/produkt\/fromular-divider\/","title":{"rendered":"Grapadora Systemform M-3000 Separador de formularios"},"content":{"rendered":"<p>La soluci\u00f3n econ\u00f3mica para un acabado a m\u00e1quina limpio de formularios continuos, incluso con una salida de impresi\u00f3n menor.<br \/>\nManejo extremadamente sencillo gracias a los controles claramente dispuestos y a la selecci\u00f3n electr\u00f3nica del formato, gu\u00eda segura del papel a trav\u00e9s de tractores accionados y bot\u00f3n de parada r\u00e1pida con almacenamiento de la fase de trabajo actual. Velocidad variable hasta 5.000 formas en 12 por hora. Selecci\u00f3n del formato electr\u00f3nico 4 -12<\/p>\n","protected":false},"excerpt":{"rendered":"<p>La soluci\u00f3n econ\u00f3mica para un acabado a m\u00e1quina limpio de formularios continuos, incluso con una salida de impresi\u00f3n menor. Manejo extremadamente sencillo gracias a los controles claramente dispuestos y a la selecci\u00f3n electr\u00f3nica del formato, gu\u00eda segura del papel a trav\u00e9s de tractores accionados y bot\u00f3n de parada r\u00e1pida con almacenamiento de la fase de [&hellip;]<\/p>\n","protected":false},"featured_media":70156,"template":"","meta":[],"product_brand":[],"product_cat":[2893],"product_tag":[],"class_list":{"0":"post-90926","1":"product","2":"type-product","3":"status-publish","4":"has-post-thumbnail","6":"product_cat-otro-tratamiento-del-papel","7":"pa_baujahr-127","8":"pa_hersteller-hefter-systemform","9":"pa_typ-m-3000","11":"first","12":"instock","13":"sold-individually","14":"taxable","15":"shipping-taxable","16":"purchasable","17":"product-type-simple"},"jetpack_sharing_enabled":true,"_links":{"self":[{"href":"https:\/\/www.3p-gmbh.de\/es\/wp-json\/wp\/v2\/product\/90926","targetHints":{"allow":["GET"]}}],"collection":[{"href":"https:\/\/www.3p-gmbh.de\/es\/wp-json\/wp\/v2\/product"}],"about":[{"href":"https:\/\/www.3p-gmbh.de\/es\/wp-json\/wp\/v2\/types\/product"}],"wp:featuredmedia":[{"embeddable":true,"href":"https:\/\/www.3p-gmbh.de\/es\/wp-json\/wp\/v2\/media\/70156"}],"wp:attachment":[{"href":"https:\/\/www.3p-gmbh.de\/es\/wp-json\/wp\/v2\/media?parent=90926"}],"wp:term":[{"taxonomy":"product_brand","embeddable":true,"href":"https:\/\/www.3p-gmbh.de\/es\/wp-json\/wp\/v2\/product_brand?post=90926"},{"taxonomy":"product_cat","embeddable":true,"href":"https:\/\/www.3p-gmbh.de\/es\/wp-json\/wp\/v2\/product_cat?post=90926"},{"taxonomy":"product_tag","embeddable":true,"href":"https:\/\/www.3p-gmbh.de\/es\/wp-json\/wp\/v2\/product_tag?post=90926"}],"curies":[{"name":"wp","href":"https:\/\/api.w.org\/{rel}","templated":true}]}}