{"id":90924,"date":"2019-07-11T13:59:31","date_gmt":"2019-07-11T13:59:31","guid":{"rendered":"https:\/\/www.3p-gmbh.de\/produkt\/ponche-puente-winkler-duennebier\/"},"modified":"2019-07-11T13:59:31","modified_gmt":"2019-07-11T13:59:31","slug":"punzon-puente","status":"publish","type":"product","link":"https:\/\/www.3p-gmbh.de\/es\/produkt\/punzon-puente\/","title":{"rendered":"Ponche puente Winkler + Duennebier"},"content":{"rendered":"<p>&#8211; Punz\u00f3n puente con avance de mesa<br \/>\n&#8211; Fuerza de perforaci\u00f3n de 60 tonos<br \/>\n&#8211; Tama\u00f1o de la mesa &gt; 70&#215;100 cm en producci\u00f3n<\/p>\n","protected":false},"excerpt":{"rendered":"<p>&#8211; Punz\u00f3n puente con avance de mesa &#8211; Fuerza de perforaci\u00f3n de 60 tonos &#8211; Tama\u00f1o de la mesa &gt; 70&#215;100 cm en producci\u00f3n<\/p>\n","protected":false},"featured_media":70099,"template":"","meta":[],"product_brand":[],"product_cat":[2910],"product_tag":[],"class_list":{"0":"post-90924","1":"product","2":"type-product","3":"status-publish","4":"has-post-thumbnail","6":"product_cat-perforacion","7":"pa_baujahr-347","8":"pa_hersteller-winkler-duennebier","9":"pa_typ-brueckenstanze","11":"first","12":"instock","13":"sold-individually","14":"taxable","15":"shipping-taxable","16":"purchasable","17":"product-type-simple"},"jetpack_sharing_enabled":true,"_links":{"self":[{"href":"https:\/\/www.3p-gmbh.de\/es\/wp-json\/wp\/v2\/product\/90924","targetHints":{"allow":["GET"]}}],"collection":[{"href":"https:\/\/www.3p-gmbh.de\/es\/wp-json\/wp\/v2\/product"}],"about":[{"href":"https:\/\/www.3p-gmbh.de\/es\/wp-json\/wp\/v2\/types\/product"}],"wp:featuredmedia":[{"embeddable":true,"href":"https:\/\/www.3p-gmbh.de\/es\/wp-json\/wp\/v2\/media\/70099"}],"wp:attachment":[{"href":"https:\/\/www.3p-gmbh.de\/es\/wp-json\/wp\/v2\/media?parent=90924"}],"wp:term":[{"taxonomy":"product_brand","embeddable":true,"href":"https:\/\/www.3p-gmbh.de\/es\/wp-json\/wp\/v2\/product_brand?post=90924"},{"taxonomy":"product_cat","embeddable":true,"href":"https:\/\/www.3p-gmbh.de\/es\/wp-json\/wp\/v2\/product_cat?post=90924"},{"taxonomy":"product_tag","embeddable":true,"href":"https:\/\/www.3p-gmbh.de\/es\/wp-json\/wp\/v2\/product_tag?post=90924"}],"curies":[{"name":"wp","href":"https:\/\/api.w.org\/{rel}","templated":true}]}}