{"id":90901,"date":"2019-07-11T13:59:31","date_gmt":"2019-07-11T13:59:31","guid":{"rendered":"https:\/\/www.3p-gmbh.de\/produkt\/sistema-de-direccionamiento-digital-rena-630\/"},"modified":"2019-07-11T13:59:31","modified_gmt":"2019-07-11T13:59:31","slug":"sistema-de-direccionamiento-digital","status":"publish","type":"product","link":"https:\/\/www.3p-gmbh.de\/es\/produkt\/sistema-de-direccionamiento-digital\/","title":{"rendered":"Sistema de direccionamiento digital Rena 630"},"content":{"rendered":"<p>&#8211; M\u00f3dulo de impresi\u00f3n de alto rendimiento con 2&#215;3 cabezales de impresi\u00f3n<br \/>\n&#8211; m\u00e1x. Altura de impresi\u00f3n 508 mm y anchura de impresi\u00f3n 38 mm<br \/>\n&#8211; Secador por infrarrojos tipo Lambda Powerdry B IR 2,7<br \/>\n&#8211; Altura regulable sin escalonamientos y resistente al calor<br \/>\nCinta transportadora KH-TB40, longitud aprox.150cm<\/p>\n","protected":false},"excerpt":{"rendered":"<p>&#8211; M\u00f3dulo de impresi\u00f3n de alto rendimiento con 2&#215;3 cabezales de impresi\u00f3n &#8211; m\u00e1x. Altura de impresi\u00f3n 508 mm y anchura de impresi\u00f3n 38 mm &#8211; Secador por infrarrojos tipo Lambda Powerdry B IR 2,7 &#8211; Altura regulable sin escalonamientos y resistente al calor Cinta transportadora KH-TB40, longitud aprox.150cm<\/p>\n","protected":false},"featured_media":70060,"template":"","meta":[],"product_brand":[],"product_cat":[2969],"product_tag":[],"class_list":{"0":"post-90901","1":"product","2":"type-product","3":"status-publish","4":"has-post-thumbnail","6":"product_cat-sistemas-de-direccionamiento-e-insercion","7":"pa_baujahr-140","8":"pa_hersteller-rena","9":"pa_typ-digital-desktop-printer630","11":"first","12":"instock","13":"sold-individually","14":"taxable","15":"shipping-taxable","16":"purchasable","17":"product-type-simple"},"jetpack_sharing_enabled":true,"_links":{"self":[{"href":"https:\/\/www.3p-gmbh.de\/es\/wp-json\/wp\/v2\/product\/90901","targetHints":{"allow":["GET"]}}],"collection":[{"href":"https:\/\/www.3p-gmbh.de\/es\/wp-json\/wp\/v2\/product"}],"about":[{"href":"https:\/\/www.3p-gmbh.de\/es\/wp-json\/wp\/v2\/types\/product"}],"wp:featuredmedia":[{"embeddable":true,"href":"https:\/\/www.3p-gmbh.de\/es\/wp-json\/wp\/v2\/media\/70060"}],"wp:attachment":[{"href":"https:\/\/www.3p-gmbh.de\/es\/wp-json\/wp\/v2\/media?parent=90901"}],"wp:term":[{"taxonomy":"product_brand","embeddable":true,"href":"https:\/\/www.3p-gmbh.de\/es\/wp-json\/wp\/v2\/product_brand?post=90901"},{"taxonomy":"product_cat","embeddable":true,"href":"https:\/\/www.3p-gmbh.de\/es\/wp-json\/wp\/v2\/product_cat?post=90901"},{"taxonomy":"product_tag","embeddable":true,"href":"https:\/\/www.3p-gmbh.de\/es\/wp-json\/wp\/v2\/product_tag?post=90901"}],"curies":[{"name":"wp","href":"https:\/\/api.w.org\/{rel}","templated":true}]}}