{"id":90883,"date":"2019-07-11T13:59:38","date_gmt":"2019-07-11T13:59:38","guid":{"rendered":"https:\/\/www.3p-gmbh.de\/produkt\/bomba-de-vacio-a-presion-becker-dsk-4-25\/"},"modified":"2019-07-11T13:59:38","modified_gmt":"2019-07-11T13:59:38","slug":"bomba-de-vacio-a-presion","status":"publish","type":"product","link":"https:\/\/www.3p-gmbh.de\/es\/produkt\/bomba-de-vacio-a-presion\/","title":{"rendered":"Bomba de vac\u00edo a presi\u00f3n Becker DSK 4-25"},"content":{"rendered":"<p>0,6 bar &#8211; Vac\u00edo\/presi\u00f3n<br \/>\nCapacidad de aspiraci\u00f3n 25 m3\/h<\/p>\n","protected":false},"excerpt":{"rendered":"<p>0,6 bar &#8211; Vac\u00edo\/presi\u00f3n Capacidad de aspiraci\u00f3n 25 m3\/h<\/p>\n","protected":false},"featured_media":70210,"template":"","meta":[],"product_brand":[],"product_cat":[2929],"product_tag":[],"class_list":{"0":"post-90883","1":"product","2":"type-product","3":"status-publish","4":"has-post-thumbnail","6":"product_cat-compresores-y-bombas-de-vacio","7":"pa_baujahr-155","8":"pa_hersteller-becker","9":"pa_typ-dsk-4-25","11":"first","12":"instock","13":"sold-individually","14":"taxable","15":"shipping-taxable","16":"purchasable","17":"product-type-simple"},"jetpack_sharing_enabled":true,"_links":{"self":[{"href":"https:\/\/www.3p-gmbh.de\/es\/wp-json\/wp\/v2\/product\/90883","targetHints":{"allow":["GET"]}}],"collection":[{"href":"https:\/\/www.3p-gmbh.de\/es\/wp-json\/wp\/v2\/product"}],"about":[{"href":"https:\/\/www.3p-gmbh.de\/es\/wp-json\/wp\/v2\/types\/product"}],"wp:featuredmedia":[{"embeddable":true,"href":"https:\/\/www.3p-gmbh.de\/es\/wp-json\/wp\/v2\/media\/70210"}],"wp:attachment":[{"href":"https:\/\/www.3p-gmbh.de\/es\/wp-json\/wp\/v2\/media?parent=90883"}],"wp:term":[{"taxonomy":"product_brand","embeddable":true,"href":"https:\/\/www.3p-gmbh.de\/es\/wp-json\/wp\/v2\/product_brand?post=90883"},{"taxonomy":"product_cat","embeddable":true,"href":"https:\/\/www.3p-gmbh.de\/es\/wp-json\/wp\/v2\/product_cat?post=90883"},{"taxonomy":"product_tag","embeddable":true,"href":"https:\/\/www.3p-gmbh.de\/es\/wp-json\/wp\/v2\/product_tag?post=90883"}],"curies":[{"name":"wp","href":"https:\/\/api.w.org\/{rel}","templated":true}]}}