{"id":90877,"date":"2019-07-11T13:59:38","date_gmt":"2019-07-11T13:59:38","guid":{"rendered":"https:\/\/www.3p-gmbh.de\/produkt\/bomba-de-vacio-rotativa-de-paletas-becker-kvt-3-140-2\/"},"modified":"2019-07-11T13:59:38","modified_gmt":"2019-07-11T13:59:38","slug":"bomba-de-vacio-rotativa-de-paletas","status":"publish","type":"product","link":"https:\/\/www.3p-gmbh.de\/es\/produkt\/bomba-de-vacio-rotativa-de-paletas\/","title":{"rendered":"Bomba de vac\u00edo rotativa de paletas Becker KVT 3.140"},"content":{"rendered":"<p>Bomba de vac\u00edo rotativa de paletas Becker KVT 3.140<br \/>\ndesde el a\u00f1o de construcci\u00f3n 2011, completamente revisado junio-2014, desde entonces en almac\u00e9n<\/p>\n<p>&#8211; Bomba de vac\u00edo robusta y totalmente exenta de aceite<br \/>\n&#8211; con un dise\u00f1o sencillo, transmisi\u00f3n directa y un solo eje<br \/>\n&#8211; Garantiza durabilidad y bajos costes de mantenimiento y funcionamiento<br \/>\n&#8211; Filtros de admisi\u00f3n y v\u00e1lvulas reguladoras integrados<br \/>\n&#8211; F\u00e1cil colocaci\u00f3n de accesorios<br \/>\n&#8211; Protecci\u00f3n anticorrosi\u00f3n opcional<br \/>\n&#8211; baja emisi\u00f3n de ruido<br \/>\n&#8211; Baja emisi\u00f3n de calor<\/p>\n<p>Datos t\u00e9cnicos<br \/>\n&#8211; Frecuencia: 50\/60 Hz<br \/>\n&#8211; m\u00e1x. Velocidad de bombeo: 129\/154 m\u00b3\/h<br \/>\n&#8211; m\u00e1x. Vac\u00edo: 100\/200 mbar abs.<br \/>\n&#8211; m\u00e1x. Potencia del motor: 3,3 \/4,40 kW<\/p>\n","protected":false},"excerpt":{"rendered":"<p>Bomba de vac\u00edo rotativa de paletas Becker KVT 3.140 desde el a\u00f1o de construcci\u00f3n 2011, completamente revisado junio-2014, desde entonces en almac\u00e9n &#8211; Bomba de vac\u00edo robusta y totalmente exenta de aceite &#8211; con un dise\u00f1o sencillo, transmisi\u00f3n directa y un solo eje &#8211; Garantiza durabilidad y bajos costes de mantenimiento y funcionamiento &#8211; Filtros [&hellip;]<\/p>\n","protected":false},"featured_media":70237,"template":"","meta":[],"product_brand":[],"product_cat":[2929],"product_tag":[],"class_list":{"0":"post-90877","1":"product","2":"type-product","3":"status-publish","4":"has-post-thumbnail","6":"product_cat-compresores-y-bombas-de-vacio","7":"pa_baujahr-145","8":"pa_hersteller-becker","9":"pa_typ-kvt-3-140","11":"first","12":"instock","13":"sold-individually","14":"taxable","15":"shipping-taxable","16":"purchasable","17":"product-type-simple"},"jetpack_sharing_enabled":true,"_links":{"self":[{"href":"https:\/\/www.3p-gmbh.de\/es\/wp-json\/wp\/v2\/product\/90877","targetHints":{"allow":["GET"]}}],"collection":[{"href":"https:\/\/www.3p-gmbh.de\/es\/wp-json\/wp\/v2\/product"}],"about":[{"href":"https:\/\/www.3p-gmbh.de\/es\/wp-json\/wp\/v2\/types\/product"}],"wp:featuredmedia":[{"embeddable":true,"href":"https:\/\/www.3p-gmbh.de\/es\/wp-json\/wp\/v2\/media\/70237"}],"wp:attachment":[{"href":"https:\/\/www.3p-gmbh.de\/es\/wp-json\/wp\/v2\/media?parent=90877"}],"wp:term":[{"taxonomy":"product_brand","embeddable":true,"href":"https:\/\/www.3p-gmbh.de\/es\/wp-json\/wp\/v2\/product_brand?post=90877"},{"taxonomy":"product_cat","embeddable":true,"href":"https:\/\/www.3p-gmbh.de\/es\/wp-json\/wp\/v2\/product_cat?post=90877"},{"taxonomy":"product_tag","embeddable":true,"href":"https:\/\/www.3p-gmbh.de\/es\/wp-json\/wp\/v2\/product_tag?post=90877"}],"curies":[{"name":"wp","href":"https:\/\/api.w.org\/{rel}","templated":true}]}}