{"id":90860,"date":"2019-07-11T13:59:42","date_gmt":"2019-07-11T13:59:42","guid":{"rendered":"https:\/\/www.3p-gmbh.de\/produkt\/kaercher-550-xl-bat\/"},"modified":"2019-07-11T13:59:42","modified_gmt":"2019-07-11T13:59:42","slug":"maquina-automatica-de-limpieza-de-suelos","status":"publish","type":"product","link":"https:\/\/www.3p-gmbh.de\/es\/produkt\/maquina-automatica-de-limpieza-de-suelos\/","title":{"rendered":"K\u00e4rcher 550 XL Bat"},"content":{"rendered":"<p>Fregadora manual a pilas con tecnolog\u00eda de rodillos para limpieza b\u00e1sica, para limpieza en h\u00famedo,<br \/>\nLimpieza de mantenimiento y pulido de suelos planos de hasta 1900 m\u00b2\/h\u00bb.<\/p>\n<p>Potencia requerida 220Volt 50Hz<\/p>\n","protected":false},"excerpt":{"rendered":"<p>Fregadora manual a pilas con tecnolog\u00eda de rodillos para limpieza b\u00e1sica, para limpieza en h\u00famedo, Limpieza de mantenimiento y pulido de suelos planos de hasta 1900 m\u00b2\/h\u00bb. Potencia requerida 220Volt 50Hz<\/p>\n","protected":false},"featured_media":77674,"template":"","meta":[],"product_brand":[],"product_cat":[2926],"product_tag":[],"class_list":{"0":"post-90860","1":"product","2":"type-product","3":"status-publish","4":"has-post-thumbnail","6":"product_cat-tecnologia-de-almacenamiento","7":"pa_hersteller-kaercher","8":"pa_typ-550-xl-bat","10":"first","11":"instock","12":"sold-individually","13":"taxable","14":"shipping-taxable","15":"purchasable","16":"product-type-simple"},"jetpack_sharing_enabled":true,"_links":{"self":[{"href":"https:\/\/www.3p-gmbh.de\/es\/wp-json\/wp\/v2\/product\/90860","targetHints":{"allow":["GET"]}}],"collection":[{"href":"https:\/\/www.3p-gmbh.de\/es\/wp-json\/wp\/v2\/product"}],"about":[{"href":"https:\/\/www.3p-gmbh.de\/es\/wp-json\/wp\/v2\/types\/product"}],"wp:featuredmedia":[{"embeddable":true,"href":"https:\/\/www.3p-gmbh.de\/es\/wp-json\/wp\/v2\/media\/77674"}],"wp:attachment":[{"href":"https:\/\/www.3p-gmbh.de\/es\/wp-json\/wp\/v2\/media?parent=90860"}],"wp:term":[{"taxonomy":"product_brand","embeddable":true,"href":"https:\/\/www.3p-gmbh.de\/es\/wp-json\/wp\/v2\/product_brand?post=90860"},{"taxonomy":"product_cat","embeddable":true,"href":"https:\/\/www.3p-gmbh.de\/es\/wp-json\/wp\/v2\/product_cat?post=90860"},{"taxonomy":"product_tag","embeddable":true,"href":"https:\/\/www.3p-gmbh.de\/es\/wp-json\/wp\/v2\/product_tag?post=90860"}],"curies":[{"name":"wp","href":"https:\/\/api.w.org\/{rel}","templated":true}]}}