{"id":90859,"date":"2019-07-11T13:59:42","date_gmt":"2019-07-11T13:59:42","guid":{"rendered":"https:\/\/www.3p-gmbh.de\/produkt\/buhrs-affeldt-avn-tt-56-transportador-de-acumulacion\/"},"modified":"2019-07-11T13:59:42","modified_gmt":"2019-07-11T13:59:42","slug":"promotores-de-atascos","status":"publish","type":"product","link":"https:\/\/www.3p-gmbh.de\/es\/produkt\/promotores-de-atascos\/","title":{"rendered":"Buhrs Affeldt AVN TT 56 Transportador de acumulaci\u00f3n"},"content":{"rendered":"<p>En el transportador de acumulaci\u00f3n con 4 estaciones se transportan paquetes, peri\u00f3dicos y otros art\u00edculos seg\u00fan sea necesario,<br \/>\nLas revistas y productos impresos apilados similares se apilan y se env\u00edan a<br \/>\nEl desbloqueo se realiza con retardo.<\/p>\n<p>Ventaja:<br \/>\nLa empu\u00f1adura empotrada situada entre las correas permite el agarre manual<br \/>\nRetirada de pilas.<\/p>\n<p>&#8211; Velocidad de transporte regulable sin escalonamiento mediante convertidor de frecuencia<br \/>\n&#8211; productos sin envasar 30 m\/min y productos envasados 50 m\/min.<br \/>\n&#8211; Longitud 4x 50cm<br \/>\n&#8211; Anchura nominal 400 mm<br \/>\n&#8211; Asa empotrada de 85 mm de ancho y 25 mm de profundidad<br \/>\n&#8211; Altura de trabajo 850 mm +\/- 50 mm<br \/>\n&#8211; con control del reloj<\/p>\n<p>A\u00f1o de fabricaci\u00f3n 2003 (OVP no utilizado)<\/p>\n","protected":false},"excerpt":{"rendered":"<p>En el transportador de acumulaci\u00f3n con 4 estaciones se transportan paquetes, peri\u00f3dicos y otros art\u00edculos seg\u00fan sea necesario, Las revistas y productos impresos apilados similares se apilan y se env\u00edan a El desbloqueo se realiza con retardo. Ventaja: La empu\u00f1adura empotrada situada entre las correas permite el agarre manual Retirada de pilas. &#8211; Velocidad de [&hellip;]<\/p>\n","protected":false},"featured_media":70285,"template":"","meta":[],"product_brand":[],"product_cat":[3042],"product_tag":[],"class_list":{"0":"post-90859","1":"product","2":"type-product","3":"status-publish","4":"has-post-thumbnail","6":"product_cat-tecnologia-de-transporte-es","7":"pa_baujahr-182","8":"pa_hersteller-affeldt-buhrs","9":"pa_typ-avn-tt-56-4","11":"first","12":"instock","13":"sold-individually","14":"taxable","15":"shipping-taxable","16":"purchasable","17":"product-type-simple"},"jetpack_sharing_enabled":true,"_links":{"self":[{"href":"https:\/\/www.3p-gmbh.de\/es\/wp-json\/wp\/v2\/product\/90859","targetHints":{"allow":["GET"]}}],"collection":[{"href":"https:\/\/www.3p-gmbh.de\/es\/wp-json\/wp\/v2\/product"}],"about":[{"href":"https:\/\/www.3p-gmbh.de\/es\/wp-json\/wp\/v2\/types\/product"}],"wp:featuredmedia":[{"embeddable":true,"href":"https:\/\/www.3p-gmbh.de\/es\/wp-json\/wp\/v2\/media\/70285"}],"wp:attachment":[{"href":"https:\/\/www.3p-gmbh.de\/es\/wp-json\/wp\/v2\/media?parent=90859"}],"wp:term":[{"taxonomy":"product_brand","embeddable":true,"href":"https:\/\/www.3p-gmbh.de\/es\/wp-json\/wp\/v2\/product_brand?post=90859"},{"taxonomy":"product_cat","embeddable":true,"href":"https:\/\/www.3p-gmbh.de\/es\/wp-json\/wp\/v2\/product_cat?post=90859"},{"taxonomy":"product_tag","embeddable":true,"href":"https:\/\/www.3p-gmbh.de\/es\/wp-json\/wp\/v2\/product_tag?post=90859"}],"curies":[{"name":"wp","href":"https:\/\/api.w.org\/{rel}","templated":true}]}}